{"id":1509,"date":"2016-11-22T11:49:07","date_gmt":"2016-11-22T09:49:07","guid":{"rendered":"https:\/\/koirakissaklinikka.fi\/en\/?page_id=1509"},"modified":"2022-09-05T19:58:04","modified_gmt":"2022-09-05T16:58:04","slug":"koira-kissaklinikka-is-local-pet-clinic-in-metsamaki-turku","status":"publish","type":"page","link":"https:\/\/koirakissaklinikka.fi\/en","title":{"rendered":"Koira-Kissaklinikka is a local small animalclinic in Turku."},"content":{"rendered":"<p>Koira-kissaklinikka Oy is family driven vetenary clinic in Turku, founded 1972. For decades we have invested a lot in personnel education, modern equipment and better premises. We continuously listen to our clients wishes and feedback. Operations in clinic are&nbsp;team work between client, vetenarian and care takers. Most important is pets well-being from puppy to senior years.<\/p>\n<p>Koira-kissaklinikka was first vetenarian in Finland to obtain service industry entrepreneur award &nbsp;in 1997. Our new clinic building in&nbsp;Mets\u00e4m\u00e4ki area was&nbsp;completed in 2014. It was once again a huge step ahead. We got CT-equipment ja Cat Friendly Clinic status from The International Society of Feline Medicine.<\/p>\n<p>&nbsp;<\/p>\n","protected":false},"excerpt":{"rendered":"<p>Koira-kissaklinikka Oy is family driven vetenary clinic in Turku, founded 1972. For decades we have invested [&hellip;]<\/p>\n","protected":false},"author":1,"featured_media":0,"parent":0,"menu_order":0,"comment_status":"closed","ping_status":"closed","template":"","meta":{"_acf_changed":false,"footnotes":""},"class_list":["post-1509","page","type-page","status-publish","hentry"],"acf":[],"yoast_head":"<!-- This site is optimized with the Yoast SEO plugin v26.6 - https:\/\/yoast.com\/wordpress\/plugins\/seo\/ -->\n<title>Koira-Kissaklinikka is a local small animalclinic in Turku. - Koirakissaklinikka El\u00e4inl\u00e4\u00e4k\u00e4riasema Turussa<\/title>\n<meta name=\"robots\" content=\"index, follow, max-snippet:-1, max-image-preview:large, max-video-preview:-1\" \/>\n<link rel=\"canonical\" href=\"https:\/\/koirakissaklinikka.fi\/en\" \/>\n<meta property=\"og:locale\" content=\"en_US\" \/>\n<meta property=\"og:type\" content=\"article\" \/>\n<meta property=\"og:title\" content=\"Koira-Kissaklinikka is a local small animalclinic in Turku. - Koirakissaklinikka El\u00e4inl\u00e4\u00e4k\u00e4riasema Turussa\" \/>\n<meta property=\"og:description\" content=\"Koira-kissaklinikka Oy is family driven vetenary clinic in Turku, founded 1972. For decades we have invested [&hellip;]\" \/>\n<meta property=\"og:url\" content=\"https:\/\/koirakissaklinikka.fi\/en\" \/>\n<meta property=\"og:site_name\" content=\"Koirakissaklinikka El\u00e4inl\u00e4\u00e4k\u00e4riasema Turussa\" \/>\n<meta property=\"article:modified_time\" content=\"2022-09-05T16:58:04+00:00\" \/>\n<meta name=\"twitter:card\" content=\"summary_large_image\" \/>\n<meta name=\"twitter:label1\" content=\"Est. reading time\" \/>\n\t<meta name=\"twitter:data1\" content=\"1 minute\" \/>\n<script type=\"application\/ld+json\" class=\"yoast-schema-graph\">{\"@context\":\"https:\/\/schema.org\",\"@graph\":[{\"@type\":\"WebPage\",\"@id\":\"https:\/\/koirakissaklinikka.fi\/en\",\"url\":\"https:\/\/koirakissaklinikka.fi\/en\",\"name\":\"Koira-Kissaklinikka is a local small animalclinic in Turku. - Koirakissaklinikka El\u00e4inl\u00e4\u00e4k\u00e4riasema Turussa\",\"isPartOf\":{\"@id\":\"https:\/\/koirakissaklinikka.fi\/#website\"},\"datePublished\":\"2016-11-22T09:49:07+00:00\",\"dateModified\":\"2022-09-05T16:58:04+00:00\",\"breadcrumb\":{\"@id\":\"https:\/\/koirakissaklinikka.fi\/en#breadcrumb\"},\"inLanguage\":\"en-US\",\"potentialAction\":[{\"@type\":\"ReadAction\",\"target\":[\"https:\/\/koirakissaklinikka.fi\/en\"]}]},{\"@type\":\"BreadcrumbList\",\"@id\":\"https:\/\/koirakissaklinikka.fi\/en#breadcrumb\",\"itemListElement\":[{\"@type\":\"ListItem\",\"position\":1,\"name\":\"Etusivu\",\"item\":\"https:\/\/koirakissaklinikka.fi\/en\"},{\"@type\":\"ListItem\",\"position\":2,\"name\":\"Koira-Kissaklinikka is a local small animalclinic in Turku.\"}]},{\"@type\":\"WebSite\",\"@id\":\"https:\/\/koirakissaklinikka.fi\/#website\",\"url\":\"https:\/\/koirakissaklinikka.fi\/\",\"name\":\"Koirakissaklinikka\",\"description\":\"Ihan uusi WordPress-sivusto\",\"publisher\":{\"@id\":\"https:\/\/koirakissaklinikka.fi\/#organization\"},\"potentialAction\":[{\"@type\":\"SearchAction\",\"target\":{\"@type\":\"EntryPoint\",\"urlTemplate\":\"https:\/\/koirakissaklinikka.fi\/?s={search_term_string}\"},\"query-input\":{\"@type\":\"PropertyValueSpecification\",\"valueRequired\":true,\"valueName\":\"search_term_string\"}}],\"inLanguage\":\"en-US\"},{\"@type\":\"Organization\",\"@id\":\"https:\/\/koirakissaklinikka.fi\/#organization\",\"name\":\"Koira-Kissaklinikka\",\"url\":\"https:\/\/koirakissaklinikka.fi\/\",\"logo\":{\"@type\":\"ImageObject\",\"inLanguage\":\"en-US\",\"@id\":\"https:\/\/koirakissaklinikka.fi\/#\/schema\/logo\/image\/\",\"url\":\"https:\/\/koirakissaklinikka.fi\/wp-content\/uploads\/2023\/09\/KKKlogo.jpg\",\"contentUrl\":\"https:\/\/koirakissaklinikka.fi\/wp-content\/uploads\/2023\/09\/KKKlogo.jpg\",\"width\":389,\"height\":287,\"caption\":\"Koira-Kissaklinikka\"},\"image\":{\"@id\":\"https:\/\/koirakissaklinikka.fi\/#\/schema\/logo\/image\/\"}}]}<\/script>\n<!-- \/ Yoast SEO plugin. -->","yoast_head_json":{"title":"Koira-Kissaklinikka is a local small animalclinic in Turku. - Koirakissaklinikka El\u00e4inl\u00e4\u00e4k\u00e4riasema Turussa","robots":{"index":"index","follow":"follow","max-snippet":"max-snippet:-1","max-image-preview":"max-image-preview:large","max-video-preview":"max-video-preview:-1"},"canonical":"https:\/\/koirakissaklinikka.fi\/en","og_locale":"en_US","og_type":"article","og_title":"Koira-Kissaklinikka is a local small animalclinic in Turku. - Koirakissaklinikka El\u00e4inl\u00e4\u00e4k\u00e4riasema Turussa","og_description":"Koira-kissaklinikka Oy is family driven vetenary clinic in Turku, founded 1972. For decades we have invested [&hellip;]","og_url":"https:\/\/koirakissaklinikka.fi\/en","og_site_name":"Koirakissaklinikka El\u00e4inl\u00e4\u00e4k\u00e4riasema Turussa","article_modified_time":"2022-09-05T16:58:04+00:00","twitter_card":"summary_large_image","twitter_misc":{"Est. reading time":"1 minute"},"schema":{"@context":"https:\/\/schema.org","@graph":[{"@type":"WebPage","@id":"https:\/\/koirakissaklinikka.fi\/en","url":"https:\/\/koirakissaklinikka.fi\/en","name":"Koira-Kissaklinikka is a local small animalclinic in Turku. - Koirakissaklinikka El\u00e4inl\u00e4\u00e4k\u00e4riasema Turussa","isPartOf":{"@id":"https:\/\/koirakissaklinikka.fi\/#website"},"datePublished":"2016-11-22T09:49:07+00:00","dateModified":"2022-09-05T16:58:04+00:00","breadcrumb":{"@id":"https:\/\/koirakissaklinikka.fi\/en#breadcrumb"},"inLanguage":"en-US","potentialAction":[{"@type":"ReadAction","target":["https:\/\/koirakissaklinikka.fi\/en"]}]},{"@type":"BreadcrumbList","@id":"https:\/\/koirakissaklinikka.fi\/en#breadcrumb","itemListElement":[{"@type":"ListItem","position":1,"name":"Etusivu","item":"https:\/\/koirakissaklinikka.fi\/en"},{"@type":"ListItem","position":2,"name":"Koira-Kissaklinikka is a local small animalclinic in Turku."}]},{"@type":"WebSite","@id":"https:\/\/koirakissaklinikka.fi\/#website","url":"https:\/\/koirakissaklinikka.fi\/","name":"Koirakissaklinikka","description":"Ihan uusi WordPress-sivusto","publisher":{"@id":"https:\/\/koirakissaklinikka.fi\/#organization"},"potentialAction":[{"@type":"SearchAction","target":{"@type":"EntryPoint","urlTemplate":"https:\/\/koirakissaklinikka.fi\/?s={search_term_string}"},"query-input":{"@type":"PropertyValueSpecification","valueRequired":true,"valueName":"search_term_string"}}],"inLanguage":"en-US"},{"@type":"Organization","@id":"https:\/\/koirakissaklinikka.fi\/#organization","name":"Koira-Kissaklinikka","url":"https:\/\/koirakissaklinikka.fi\/","logo":{"@type":"ImageObject","inLanguage":"en-US","@id":"https:\/\/koirakissaklinikka.fi\/#\/schema\/logo\/image\/","url":"https:\/\/koirakissaklinikka.fi\/wp-content\/uploads\/2023\/09\/KKKlogo.jpg","contentUrl":"https:\/\/koirakissaklinikka.fi\/wp-content\/uploads\/2023\/09\/KKKlogo.jpg","width":389,"height":287,"caption":"Koira-Kissaklinikka"},"image":{"@id":"https:\/\/koirakissaklinikka.fi\/#\/schema\/logo\/image\/"}}]}},"_links":{"self":[{"href":"https:\/\/koirakissaklinikka.fi\/en\/wp-json\/wp\/v2\/pages\/1509","targetHints":{"allow":["GET"]}}],"collection":[{"href":"https:\/\/koirakissaklinikka.fi\/en\/wp-json\/wp\/v2\/pages"}],"about":[{"href":"https:\/\/koirakissaklinikka.fi\/en\/wp-json\/wp\/v2\/types\/page"}],"author":[{"embeddable":true,"href":"https:\/\/koirakissaklinikka.fi\/en\/wp-json\/wp\/v2\/users\/1"}],"replies":[{"embeddable":true,"href":"https:\/\/koirakissaklinikka.fi\/en\/wp-json\/wp\/v2\/comments?post=1509"}],"version-history":[{"count":13,"href":"https:\/\/koirakissaklinikka.fi\/en\/wp-json\/wp\/v2\/pages\/1509\/revisions"}],"predecessor-version":[{"id":3662,"href":"https:\/\/koirakissaklinikka.fi\/en\/wp-json\/wp\/v2\/pages\/1509\/revisions\/3662"}],"wp:attachment":[{"href":"https:\/\/koirakissaklinikka.fi\/en\/wp-json\/wp\/v2\/media?parent=1509"}],"curies":[{"name":"wp","href":"https:\/\/api.w.org\/{rel}","templated":true}]}}