{"id":650,"date":"2016-07-15T11:43:04","date_gmt":"2016-07-15T08:43:04","guid":{"rendered":"https:\/\/koirakissaklinikka.fi\/?page_id=650&#038;lang=en"},"modified":"2016-12-18T13:04:42","modified_gmt":"2016-12-18T11:04:42","slug":"supporting-services","status":"publish","type":"page","link":"https:\/\/koirakissaklinikka.fi\/en\/supporting-services","title":{"rendered":"Supporting services"},"content":{"rendered":"<p>During the first visit every pet will have a patient card made for it. This computer based patient database will serve as the depository of the whole healthcare history and events information of your pet. Investigations done with their results and care given, vaccines, official health inspections, etc, are all stored and immediately available for about 33000 patients (20000 dogs, 10000 cats and some 3000 exotic patients).<\/p>\n<p><img loading=\"lazy\" decoding=\"async\" class=\"alignnone size-full wp-image-20\" src=\"https:\/\/koirakissaklinikka.fi\/wp-content\/uploads\/2016\/07\/puntarissa.jpg\" alt=\"puntarissa\" width=\"550\" height=\"350\" srcset=\"https:\/\/koirakissaklinikka.fi\/wp-content\/uploads\/2016\/07\/puntarissa.jpg 550w, https:\/\/koirakissaklinikka.fi\/wp-content\/uploads\/2016\/07\/puntarissa-510x325.jpg 510w, https:\/\/koirakissaklinikka.fi\/wp-content\/uploads\/2016\/07\/puntarissa-300x191.jpg 300w\" sizes=\"auto, (max-width: 550px) 100vw, 550px\" \/><\/p>\n<p>We keep a stock of medical supplies at the clinic, which covers all the most common medication and support preparations and materials for veterinary use. After different care procedures or surgeries you will, as a general rule, receive from the clinic all the necessary medicinal and dressing (bandaging) products to take with you.\u00a0(Myyntituotteet &amp; tarjoukset)<\/p>\n<p>Our services include elaborating a personalized \u201cweight watcher program\u201d for each dog and cat patient, in case your pet has put on a little extra weight for one reason or another. This service is for free, and includes precise instructions from the attendants as to diet and regular control weighing at the clinic. The clinic will take care of recording the process. It is possible to buy special weight loss food at the clinic.<\/p>\n<p>The attendants cut the nails of dog, cat and exotic patients without a formal appointment, however a time should be agreed upon. The patient is expected to be positive about this care, since it is done without sedation. We can also shorten the front teeth of rabbits and rodents. There is a fee charged for cutting nails and shortening teeth. If it is suspected that the feeding problems of rabbits or rodents stem from sharp edges or spikes on the molars, we will automatically set up an appointment with one of our veterinarians.<\/p>\n<p>Veterinary medicine, just like human medicine, evolves and advances all the time. Constantly updated and further education is essential in our field \u2013 and this applies to all our staff. Professional literature and domestic as well as foreign trade press are continually at our disposal at the clinic.<\/p>\n<p>&nbsp;<\/p>\n","protected":false},"excerpt":{"rendered":"<p>During the first visit every pet will have a patient card made for it. This computer [&hellip;]<\/p>\n","protected":false},"author":3,"featured_media":20,"parent":0,"menu_order":0,"comment_status":"closed","ping_status":"closed","template":"","meta":{"_acf_changed":false,"footnotes":""},"class_list":["post-650","page","type-page","status-publish","has-post-thumbnail","hentry"],"acf":[],"yoast_head":"<!-- This site is optimized with the Yoast SEO plugin v26.6 - https:\/\/yoast.com\/wordpress\/plugins\/seo\/ -->\n<title>Supporting services - Koirakissaklinikka El\u00e4inl\u00e4\u00e4k\u00e4riasema Turussa<\/title>\n<meta name=\"robots\" content=\"index, follow, max-snippet:-1, max-image-preview:large, max-video-preview:-1\" \/>\n<link rel=\"canonical\" href=\"https:\/\/koirakissaklinikka.fi\/en\/supporting-services\" \/>\n<meta property=\"og:locale\" content=\"en_US\" \/>\n<meta property=\"og:type\" content=\"article\" \/>\n<meta property=\"og:title\" content=\"Supporting services - Koirakissaklinikka El\u00e4inl\u00e4\u00e4k\u00e4riasema Turussa\" \/>\n<meta property=\"og:description\" content=\"During the first visit every pet will have a patient card made for it. This computer [&hellip;]\" \/>\n<meta property=\"og:url\" content=\"https:\/\/koirakissaklinikka.fi\/en\/supporting-services\" \/>\n<meta property=\"og:site_name\" content=\"Koirakissaklinikka El\u00e4inl\u00e4\u00e4k\u00e4riasema Turussa\" \/>\n<meta property=\"article:modified_time\" content=\"2016-12-18T11:04:42+00:00\" \/>\n<meta property=\"og:image\" content=\"https:\/\/koirakissaklinikka.fi\/wp-content\/uploads\/2016\/07\/puntarissa.jpg\" \/>\n\t<meta property=\"og:image:width\" content=\"550\" \/>\n\t<meta property=\"og:image:height\" content=\"350\" \/>\n\t<meta property=\"og:image:type\" content=\"image\/jpeg\" \/>\n<meta name=\"twitter:card\" content=\"summary_large_image\" \/>\n<meta name=\"twitter:label1\" content=\"Est. reading time\" \/>\n\t<meta name=\"twitter:data1\" content=\"2 minutes\" \/>\n<script type=\"application\/ld+json\" class=\"yoast-schema-graph\">{\"@context\":\"https:\/\/schema.org\",\"@graph\":[{\"@type\":\"WebPage\",\"@id\":\"https:\/\/koirakissaklinikka.fi\/en\/supporting-services\",\"url\":\"https:\/\/koirakissaklinikka.fi\/en\/supporting-services\",\"name\":\"Supporting services - Koirakissaklinikka El\u00e4inl\u00e4\u00e4k\u00e4riasema Turussa\",\"isPartOf\":{\"@id\":\"https:\/\/koirakissaklinikka.fi\/#website\"},\"primaryImageOfPage\":{\"@id\":\"https:\/\/koirakissaklinikka.fi\/en\/supporting-services#primaryimage\"},\"image\":{\"@id\":\"https:\/\/koirakissaklinikka.fi\/en\/supporting-services#primaryimage\"},\"thumbnailUrl\":\"https:\/\/koirakissaklinikka.fi\/wp-content\/uploads\/2016\/07\/puntarissa.jpg\",\"datePublished\":\"2016-07-15T08:43:04+00:00\",\"dateModified\":\"2016-12-18T11:04:42+00:00\",\"breadcrumb\":{\"@id\":\"https:\/\/koirakissaklinikka.fi\/en\/supporting-services#breadcrumb\"},\"inLanguage\":\"en-US\",\"potentialAction\":[{\"@type\":\"ReadAction\",\"target\":[\"https:\/\/koirakissaklinikka.fi\/en\/supporting-services\"]}]},{\"@type\":\"ImageObject\",\"inLanguage\":\"en-US\",\"@id\":\"https:\/\/koirakissaklinikka.fi\/en\/supporting-services#primaryimage\",\"url\":\"https:\/\/koirakissaklinikka.fi\/wp-content\/uploads\/2016\/07\/puntarissa.jpg\",\"contentUrl\":\"https:\/\/koirakissaklinikka.fi\/wp-content\/uploads\/2016\/07\/puntarissa.jpg\",\"width\":550,\"height\":350},{\"@type\":\"BreadcrumbList\",\"@id\":\"https:\/\/koirakissaklinikka.fi\/en\/supporting-services#breadcrumb\",\"itemListElement\":[{\"@type\":\"ListItem\",\"position\":1,\"name\":\"Etusivu\",\"item\":\"https:\/\/koirakissaklinikka.fi\/en\"},{\"@type\":\"ListItem\",\"position\":2,\"name\":\"Supporting services\"}]},{\"@type\":\"WebSite\",\"@id\":\"https:\/\/koirakissaklinikka.fi\/#website\",\"url\":\"https:\/\/koirakissaklinikka.fi\/\",\"name\":\"Koirakissaklinikka\",\"description\":\"Ihan uusi WordPress-sivusto\",\"publisher\":{\"@id\":\"https:\/\/koirakissaklinikka.fi\/#organization\"},\"potentialAction\":[{\"@type\":\"SearchAction\",\"target\":{\"@type\":\"EntryPoint\",\"urlTemplate\":\"https:\/\/koirakissaklinikka.fi\/?s={search_term_string}\"},\"query-input\":{\"@type\":\"PropertyValueSpecification\",\"valueRequired\":true,\"valueName\":\"search_term_string\"}}],\"inLanguage\":\"en-US\"},{\"@type\":\"Organization\",\"@id\":\"https:\/\/koirakissaklinikka.fi\/#organization\",\"name\":\"Koira-Kissaklinikka\",\"url\":\"https:\/\/koirakissaklinikka.fi\/\",\"logo\":{\"@type\":\"ImageObject\",\"inLanguage\":\"en-US\",\"@id\":\"https:\/\/koirakissaklinikka.fi\/#\/schema\/logo\/image\/\",\"url\":\"https:\/\/koirakissaklinikka.fi\/wp-content\/uploads\/2023\/09\/KKKlogo.jpg\",\"contentUrl\":\"https:\/\/koirakissaklinikka.fi\/wp-content\/uploads\/2023\/09\/KKKlogo.jpg\",\"width\":389,\"height\":287,\"caption\":\"Koira-Kissaklinikka\"},\"image\":{\"@id\":\"https:\/\/koirakissaklinikka.fi\/#\/schema\/logo\/image\/\"}}]}<\/script>\n<!-- \/ Yoast SEO plugin. -->","yoast_head_json":{"title":"Supporting services - Koirakissaklinikka El\u00e4inl\u00e4\u00e4k\u00e4riasema Turussa","robots":{"index":"index","follow":"follow","max-snippet":"max-snippet:-1","max-image-preview":"max-image-preview:large","max-video-preview":"max-video-preview:-1"},"canonical":"https:\/\/koirakissaklinikka.fi\/en\/supporting-services","og_locale":"en_US","og_type":"article","og_title":"Supporting services - Koirakissaklinikka El\u00e4inl\u00e4\u00e4k\u00e4riasema Turussa","og_description":"During the first visit every pet will have a patient card made for it. This computer [&hellip;]","og_url":"https:\/\/koirakissaklinikka.fi\/en\/supporting-services","og_site_name":"Koirakissaklinikka El\u00e4inl\u00e4\u00e4k\u00e4riasema Turussa","article_modified_time":"2016-12-18T11:04:42+00:00","og_image":[{"width":550,"height":350,"url":"https:\/\/koirakissaklinikka.fi\/wp-content\/uploads\/2016\/07\/puntarissa.jpg","type":"image\/jpeg"}],"twitter_card":"summary_large_image","twitter_misc":{"Est. reading time":"2 minutes"},"schema":{"@context":"https:\/\/schema.org","@graph":[{"@type":"WebPage","@id":"https:\/\/koirakissaklinikka.fi\/en\/supporting-services","url":"https:\/\/koirakissaklinikka.fi\/en\/supporting-services","name":"Supporting services - Koirakissaklinikka El\u00e4inl\u00e4\u00e4k\u00e4riasema Turussa","isPartOf":{"@id":"https:\/\/koirakissaklinikka.fi\/#website"},"primaryImageOfPage":{"@id":"https:\/\/koirakissaklinikka.fi\/en\/supporting-services#primaryimage"},"image":{"@id":"https:\/\/koirakissaklinikka.fi\/en\/supporting-services#primaryimage"},"thumbnailUrl":"https:\/\/koirakissaklinikka.fi\/wp-content\/uploads\/2016\/07\/puntarissa.jpg","datePublished":"2016-07-15T08:43:04+00:00","dateModified":"2016-12-18T11:04:42+00:00","breadcrumb":{"@id":"https:\/\/koirakissaklinikka.fi\/en\/supporting-services#breadcrumb"},"inLanguage":"en-US","potentialAction":[{"@type":"ReadAction","target":["https:\/\/koirakissaklinikka.fi\/en\/supporting-services"]}]},{"@type":"ImageObject","inLanguage":"en-US","@id":"https:\/\/koirakissaklinikka.fi\/en\/supporting-services#primaryimage","url":"https:\/\/koirakissaklinikka.fi\/wp-content\/uploads\/2016\/07\/puntarissa.jpg","contentUrl":"https:\/\/koirakissaklinikka.fi\/wp-content\/uploads\/2016\/07\/puntarissa.jpg","width":550,"height":350},{"@type":"BreadcrumbList","@id":"https:\/\/koirakissaklinikka.fi\/en\/supporting-services#breadcrumb","itemListElement":[{"@type":"ListItem","position":1,"name":"Etusivu","item":"https:\/\/koirakissaklinikka.fi\/en"},{"@type":"ListItem","position":2,"name":"Supporting services"}]},{"@type":"WebSite","@id":"https:\/\/koirakissaklinikka.fi\/#website","url":"https:\/\/koirakissaklinikka.fi\/","name":"Koirakissaklinikka","description":"Ihan uusi WordPress-sivusto","publisher":{"@id":"https:\/\/koirakissaklinikka.fi\/#organization"},"potentialAction":[{"@type":"SearchAction","target":{"@type":"EntryPoint","urlTemplate":"https:\/\/koirakissaklinikka.fi\/?s={search_term_string}"},"query-input":{"@type":"PropertyValueSpecification","valueRequired":true,"valueName":"search_term_string"}}],"inLanguage":"en-US"},{"@type":"Organization","@id":"https:\/\/koirakissaklinikka.fi\/#organization","name":"Koira-Kissaklinikka","url":"https:\/\/koirakissaklinikka.fi\/","logo":{"@type":"ImageObject","inLanguage":"en-US","@id":"https:\/\/koirakissaklinikka.fi\/#\/schema\/logo\/image\/","url":"https:\/\/koirakissaklinikka.fi\/wp-content\/uploads\/2023\/09\/KKKlogo.jpg","contentUrl":"https:\/\/koirakissaklinikka.fi\/wp-content\/uploads\/2023\/09\/KKKlogo.jpg","width":389,"height":287,"caption":"Koira-Kissaklinikka"},"image":{"@id":"https:\/\/koirakissaklinikka.fi\/#\/schema\/logo\/image\/"}}]}},"_links":{"self":[{"href":"https:\/\/koirakissaklinikka.fi\/en\/wp-json\/wp\/v2\/pages\/650","targetHints":{"allow":["GET"]}}],"collection":[{"href":"https:\/\/koirakissaklinikka.fi\/en\/wp-json\/wp\/v2\/pages"}],"about":[{"href":"https:\/\/koirakissaklinikka.fi\/en\/wp-json\/wp\/v2\/types\/page"}],"author":[{"embeddable":true,"href":"https:\/\/koirakissaklinikka.fi\/en\/wp-json\/wp\/v2\/users\/3"}],"replies":[{"embeddable":true,"href":"https:\/\/koirakissaklinikka.fi\/en\/wp-json\/wp\/v2\/comments?post=650"}],"version-history":[{"count":1,"href":"https:\/\/koirakissaklinikka.fi\/en\/wp-json\/wp\/v2\/pages\/650\/revisions"}],"predecessor-version":[{"id":651,"href":"https:\/\/koirakissaklinikka.fi\/en\/wp-json\/wp\/v2\/pages\/650\/revisions\/651"}],"wp:featuredmedia":[{"embeddable":true,"href":"https:\/\/koirakissaklinikka.fi\/en\/wp-json\/wp\/v2\/media\/20"}],"wp:attachment":[{"href":"https:\/\/koirakissaklinikka.fi\/en\/wp-json\/wp\/v2\/media?parent=650"}],"curies":[{"name":"wp","href":"https:\/\/api.w.org\/{rel}","templated":true}]}}