{"id":1124,"date":"2016-07-19T15:53:16","date_gmt":"2016-07-19T12:53:16","guid":{"rendered":"https:\/\/koirakissaklinikka.fi\/?post_type=product&#038;p=1124"},"modified":"2019-06-03T08:06:07","modified_gmt":"2019-06-03T05:06:07","slug":"canikur","status":"publish","type":"product","link":"https:\/\/koirakissaklinikka.fi\/en\/tuote\/canikur","title":{"rendered":"Canikur"},"content":{"rendered":"<h4>Ohjeita lemmikin omistajalle<\/h4>\n<p>Tavallisimpia syit\u00e4 kissan tai koiran oksenteluun ja ripuliin ovat sopimaton ruoka, ylensy\u00f6nti, bakteeri-\/virustartunta ja antibioottil\u00e4\u00e4kitys. Kaikki edell\u00e4 mainitut syyt voivat aiheuttaa lemmikin suoliston bakteerikannan h\u00e4iriytymisen. Vaiva paranee vasta, kun bakteerit on saatu tasapainoon. My\u00f6s runsas sis\u00e4loistartunta saattaa aiheuttaa oksentelua ja ripulia. Useimmissa tapauksissa oksentelun ja ripulin syy on tilap\u00e4inen, jolloin oireenmukainen hoito on riitt\u00e4v\u00e4.Mik\u00e4li lemmikkisi on virke\u00e4 ja suostuu juomaan, se voidaan hoitaa kotona. Jos se on alakuloinen, eik\u00e4 suostu juomaan tai jos oksennuksen tai ripulin joukossa on verta, on syyt\u00e4 ottaa yhteytt\u00e4 el\u00e4inl\u00e4\u00e4k\u00e4riin. Mik\u00e4li potilas on alle kahden kuukauden ik\u00e4inen, on syyt\u00e4 aina kysy\u00e4 neuvoa el\u00e4inl\u00e4\u00e4k\u00e4rilt\u00e4.<\/p>\n<h4>Suolistoh\u00e4iri\u00f6iden kotihoito<\/h4>\n<p>Pid\u00e4 puhdasta vett\u00e4 saatavana jatkuvasti. Koiran ja kissan tulisi juoda noin 0,5 dl painokiloa kohden vuorokaudessa.<br \/>\nAnna ensimm\u00e4inen Canikur\u00ae tai Canikur\u00ae Pro -t\u00e4ydennysrehuannos heti oireiden ilmaannuttua.<br \/>\nAnnostele Canikur\u00ae tai Canikur\u00ae Pro -t\u00e4ydennysrehua kahdeksan tunnin v\u00e4lein yhteens\u00e4 nelj\u00e4 kertaa.<br \/>\nMik\u00e4li oireet eiv\u00e4t selv\u00e4sti parane nelj\u00e4nnen Canikur\u00ae tai Canikur\u00ae Pro -annoksen j\u00e4lkeen, ota yhteys el\u00e4inl\u00e4\u00e4k\u00e4riin.<\/p>\n<h4>Ruokinta Canikur\u00ae tai Canikur\u00ae Pro -hoidon aikana ja sen j\u00e4lkeen<\/h4>\n<ol>\n<li>p\u00e4iv\u00e4 Vapaasti vett\u00e4 ja Canikur\u00ae tai Canikur\u00ae Pro-t\u00e4ydennysrehua pakkausten ohjeen mukaan. Ensimm\u00e4isen\u00e4 p\u00e4iv\u00e4n\u00e4 keit\u00e4 riisi\u00e4 runsaassa vedess\u00e4 ja anna aluksi pelkk\u00e4\u00e4 keitinvett\u00e4. Mik\u00e4li oksentelu ei en\u00e4\u00e4 jatku, anna my\u00f6s riisi\u00e4.<\/li>\n<li>p\u00e4iv\u00e4 Jatka Canikur\u00ae tai Cakur\u00ae Pro t\u00e4ydennysrehun annostelua pakkauksen ohjeen mukaan. Valmista seos, jossa on 3 osaa keitetty\u00e4 riisi\u00e4 ja 1 osa raejuustoa tai v\u00e4h\u00e4rasvaista keitetty\u00e4 lihaa. Sopiva p\u00e4iv\u00e4annos on noin 1\/3 normaalista annoksesta. Anna p\u00e4iv\u00e4annos jaettuna nelj\u00e4\u00e4n pieneen annokseen.<\/li>\n<li>p\u00e4iv\u00e4 Kun ripuli on parantunut, sekoita edell\u00e4 mainittuun riisiseokseen pieni m\u00e4\u00e4r\u00e4 normaalia ruokaa ja anna t\u00e4t\u00e4 seosta noin puolet lemmikin normaalista p\u00e4iv\u00e4annoksesta. Mik\u00e4li oireet pysyv\u00e4t poissa, lis\u00e4\u00e4 seuraavina p\u00e4ivin\u00e4 v\u00e4hitellen normaaliruoan osuutta ja ruoka-annoksen kokonaism\u00e4\u00e4r\u00e4\u00e4.<\/li>\n<\/ol>\n<p>Koiran- ja kissanpennuille annetaan pieni\u00e4 annoksia kevytt\u00e4 ruokaa, esim. keitetty\u00e4 riisi\u00e4 ja raejuustoa oksentelusta ja ripulista huolimatta koko Canikur\u00ae tai Canikur\u00ae Pro -hoidon ajan.<\/p>\n<h4>Jos vaivat uusiutuvat<\/h4>\n<p>Jos vaivat uusiutuvat, mieti voisiko syy olla ruokinnassa. Yleisimpi\u00e4 vatsavaivojen aiheuttajia ovat maitotuotteet, ylensy\u00f6nti ja \u00e4killiset ruokavalion muutokset. Arvioi, liittyv\u00e4tk\u00f6 vatsavaivat ruokinnan muutokseen. J\u00e4t\u00e4 ep\u00e4ilem\u00e4si ruoka-aine pois ja seuraa tilannetta. Ota yhteys el\u00e4inl\u00e4\u00e4k\u00e4riin, mik\u00e4li et onnistu l\u00f6yt\u00e4m\u00e4\u00e4n syyt\u00e4 vatsavaivoihin. Muista tarkistaa my\u00f6s, ett\u00e4 lemmikkisi on saanut s\u00e4\u00e4nn\u00f6llisesti sis\u00e4loisl\u00e4\u00e4kityksen. \u00c4l\u00e4 kuitenkaan anna loisl\u00e4\u00e4kkeit\u00e4 ripuloivalle el\u00e4imelle, sill\u00e4 ripuli saattaa heikent\u00e4\u00e4 matol\u00e4\u00e4kkeiden tehoa.<\/p>\n<h4>Canikur\u00ae ja Canikur\u00ae Pro on l\u00e4\u00e4ketehtaan kehitt\u00e4m\u00e4 t\u00e4ydennysrehu lemmikin suolistoh\u00e4iri\u00f6iden hoitoon<\/h4>\n<p>Canikur\u00ae-t\u00e4ydennysrehun sis\u00e4lt\u00e4m\u00e4t kuidut sitovat pinnalleen haitallisia bakteereita. N\u00e4in bakteerit kulkeutuvat ulosteen mukana pois suolesta. Valmiste sis\u00e4lt\u00e4\u00e4 suoloja, jotka korvaavat ripulin ja oksentelun vuoksi menetettyj\u00e4 suoloja; t\u00e4rkkelyksest\u00e4 paastoava lemmikki saa energiaa. Canikur\u00ae maistuu hyv\u00e4lle.<\/p>\n<p>Canikur\u00ae Pro sis\u00e4lt\u00e4\u00e4 suolistolle hy\u00f6dyllisi\u00e4 Enterococcus faecium -bakteereita ja prebioottina eli suoliston normaaleiden bakteereiden hyvinvointia lis\u00e4\u00e4v\u00e4n\u00e4 aineena Bio-Mos\u00ae C:t\u00e4, joka est\u00e4\u00e4 haitallisia bakteereita kiinnittym\u00e4st\u00e4 suolen pintaan. N\u00e4iden lis\u00e4ksi Canikur\u00ae Pro tahnassa on l\u00e4\u00e4kkeellist\u00e4 savea eli montmorilloniitti, joka poistaa suolesta myrkkyaineita.<\/p>\n<h4>Canikur\u00ae tasapainottaa ruuansulatuskanavan toimintaa.<\/h4>\n<p>Canikur\u00ae on \u00e4killisen ripulin tukihoitoon tarkoitettu t\u00e4ydennysrehu. Jos lemmikkisi on ripulin aikana tuskainen, v\u00e4synyt, vet\u00e4m\u00e4t\u00f6n, kuumeinen, ei halua juoda tai oksennuksissa taikka ulosteissa on verta, vie lemmikkisi viipym\u00e4tt\u00e4 el\u00e4inl\u00e4\u00e4k\u00e4riin. Canikur\u00ae tasapainottaa ruuansulatuskanavan toimintaa. Canikur\u00ae t\u00e4ydennysrehua voidaan k\u00e4ytt\u00e4\u00e4 yksin tai muun el\u00e4inl\u00e4\u00e4k\u00e4rin m\u00e4\u00e4r\u00e4\u00e4m\u00e4n hoidon lis\u00e4ksi.<\/p>\n<h4>Annostele alla olevan taulukon mukaan tai el\u00e4inl\u00e4\u00e4k\u00e4rin ohjeita noudattaen.<\/h4>\n<p>Annostus \/ tabletit<br \/>\nPaino kg\u00a0\u00a0\u00a0\u00a0 Tabletteja \/ kerta-annos\u00a0\u00a0\u00a0\u00a0 Kokonaism\u00e4\u00e4r\u00e4 tabletteja hoitoa kohden<br \/>\n5 tai alle\u00a0\u00a0\u00a0\u00a0\u00a0\u00a0\u00a0\u00a0\u00a0\u00a0\u00a0\u00a0\u00a0\u00a0\u00a0\u00a0\u00a0\u00a0\u00a0\u00a0\u00a0 1\u00a0\u00a0\u00a0\u00a0\u00a0\u00a0\u00a0\u00a0\u00a0\u00a0\u00a0\u00a0\u00a0\u00a0\u00a0\u00a0\u00a0\u00a0\u00a0\u00a0\u00a0\u00a0\u00a0\u00a0\u00a0\u00a0\u00a0\u00a0\u00a0\u00a0\u00a0\u00a0\u00a0\u00a0\u00a0\u00a0\u00a0\u00a0\u00a0\u00a0\u00a0\u00a0\u00a0\u00a0\u00a0\u00a0\u00a0\u00a0\u00a0\u00a0\u00a0\u00a0\u00a0 4<br \/>\n6-15\u00a0\u00a0\u00a0 \u00a0 \u00a0 \u00a0 \u00a0 \u00a0 \u00a0 \u00a0 \u00a0 \u00a0 \u00a0 \u00a0\u00a0\u00a0 2\u00a0\u00a0\u00a0\u00a0\u00a0\u00a0\u00a0\u00a0\u00a0\u00a0\u00a0\u00a0\u00a0\u00a0\u00a0\u00a0\u00a0\u00a0\u00a0\u00a0\u00a0\u00a0\u00a0\u00a0\u00a0\u00a0\u00a0\u00a0\u00a0\u00a0\u00a0\u00a0\u00a0\u00a0\u00a0\u00a0\u00a0\u00a0\u00a0\u00a0\u00a0\u00a0\u00a0\u00a0\u00a0\u00a0\u00a0\u00a0\u00a0\u00a0\u00a0\u00a0\u00a0 8<br \/>\n16-25\u00a0\u00a0\u00a0\u00a0\u00a0\u00a0\u00a0\u00a0\u00a0\u00a0\u00a0\u00a0\u00a0\u00a0\u00a0\u00a0\u00a0\u00a0\u00a0\u00a0\u00a0\u00a0\u00a0\u00a0\u00a0 3\u00a0\u00a0\u00a0\u00a0\u00a0\u00a0\u00a0\u00a0\u00a0\u00a0\u00a0\u00a0\u00a0\u00a0\u00a0\u00a0\u00a0\u00a0\u00a0\u00a0\u00a0\u00a0\u00a0\u00a0\u00a0\u00a0\u00a0\u00a0\u00a0\u00a0\u00a0\u00a0\u00a0\u00a0\u00a0\u00a0\u00a0\u00a0\u00a0\u00a0\u00a0\u00a0\u00a0\u00a0\u00a0\u00a0\u00a0\u00a0\u00a0\u00a0\u00a0\u00a0 12<br \/>\n26-40 \u00a0 \u00a0 \u00a0 \u00a0 \u00a0 \u00a0 \u00a0 \u00a0 \u00a0 \u00a0\u00a0 \u00a0\u00a0 4\u00a0\u00a0\u00a0\u00a0\u00a0\u00a0\u00a0\u00a0\u00a0\u00a0\u00a0\u00a0\u00a0\u00a0\u00a0\u00a0\u00a0\u00a0\u00a0\u00a0\u00a0\u00a0\u00a0\u00a0\u00a0\u00a0\u00a0\u00a0\u00a0\u00a0\u00a0\u00a0\u00a0\u00a0\u00a0\u00a0\u00a0\u00a0\u00a0\u00a0\u00a0\u00a0\u00a0\u00a0\u00a0\u00a0\u00a0\u00a0\u00a0\u00a0\u00a0\u00a0 16<br \/>\n41-60 \u00a0 \u00a0 \u00a0 \u00a0 \u00a0 \u00a0 \u00a0 \u00a0 \u00a0 \u00a0\u00a0 \u00a0\u00a0\u00a0 5\u00a0\u00a0\u00a0\u00a0\u00a0\u00a0\u00a0\u00a0\u00a0\u00a0\u00a0\u00a0\u00a0\u00a0\u00a0\u00a0\u00a0\u00a0\u00a0\u00a0\u00a0\u00a0\u00a0\u00a0\u00a0\u00a0\u00a0\u00a0\u00a0\u00a0\u00a0\u00a0\u00a0\u00a0\u00a0\u00a0\u00a0\u00a0\u00a0\u00a0\u00a0\u00a0\u00a0\u00a0\u00a0\u00a0\u00a0\u00a0\u00a0\u00a0\u00a0 20<br \/>\nyli 60\u00a0 \u00a0 \u00a0 \u00a0 \u00a0 \u00a0 \u00a0 \u00a0 \u00a0 \u00a0 \u00a0 \u00a0 \u00a0 6 \u00a0 \u00a0\u00a0\u00a0\u00a0\u00a0\u00a0\u00a0\u00a0\u00a0\u00a0\u00a0\u00a0\u00a0\u00a0\u00a0\u00a0\u00a0\u00a0\u00a0\u00a0\u00a0\u00a0\u00a0\u00a0\u00a0\u00a0\u00a0\u00a0\u00a0\u00a0\u00a0\u00a0\u00a0\u00a0\u00a0\u00a0\u00a0\u00a0\u00a0\u00a0\u00a0\u00a0\u00a0\u00a0\u00a0\u00a0\u00a0\u00a0 24<\/p>\n<p>Anna lemmikille yll\u00e4 olevan taulukon mukainen m\u00e4\u00e4r\u00e4 t\u00e4ydennysehua 4 kertaa noin 8 tunnin v\u00e4lein.<\/p>\n<p>Jotkut lemmikit reagoivat kiihdytt\u00e4viin ja j\u00e4nnitt\u00e4viin tilanteisiin vatsallaan. Mets\u00e4stysretki, n\u00e4yttely- tai kilpailuk\u00e4ynti voi saada lemmikin vatsan sekaisin. J\u00e4nnitysripulista k\u00e4rsiv\u00e4\u00e4 voidaan auttaa Canikur\u00ae tableteilla, jolloin tabletteja annetaan ensimm\u00e4isen kerran ennen matkalle l\u00e4ht\u00f6\u00e4 ja annostelua jatketaan p\u00e4ivitt\u00e4in tarpeen mukaan.<\/p>\n<h4>Huolehdi juomavedest\u00e4<\/h4>\n<p>Lemmikill\u00e4 tulee koko hoidon ajan olla juomavett\u00e4 saatavilla. Jos lemmikin tila ei parane viimeist\u00e4\u00e4n 2 p\u00e4iv\u00e4n kuluessa, tai jos tila \u00e4killisesti huononee, ota yhteys el\u00e4inl\u00e4\u00e4k\u00e4riin. Ainakin koirat pit\u00e4v\u00e4t tablettien mausta ja useimmat sy\u00f6v\u00e4t ne vapaaehtoisesti. Tabletit voi tarvittaessa murskata ja antaa sekoitettuna pieneen m\u00e4\u00e4r\u00e4\u00e4n ruokaa tai tilkkaan vett\u00e4.<\/p>\n<p>Pakkaus: Tabletit 12 tabl.<\/p>\n<p>Canikur\u00ae Pro tahna tukee suoliston normaalia bakteerikantaa ja sis\u00e4lt\u00e4\u00e4 hy\u00f6dyllisen bakteerikannan (Enterococcus faecium). Siksi Canikur Pro tahnaa suositellaan k\u00e4ytett\u00e4v\u00e4ksi ennaltaehk\u00e4isev\u00e4sti ja tukihoitona tilanteissa, joissa suoliston normaali bakteerikanta voi j\u00e4rkky\u00e4. T\u00e4llaisia tilanteita ovat muun muassa antibioottikuuri, krooninen pitk\u00e4\u00e4n jatkunut ripuli ja ripuli, jonka aiheuttajana tiedet\u00e4\u00e4n olleen jokin tunnettu sairautta aiheuttava bakteeri. Canikur\u00ae Pro tahnaa voidaan my\u00f6s k\u00e4ytt\u00e4\u00e4 \u00e4killisess\u00e4 ripulissa ja muun el\u00e4inl\u00e4\u00e4k\u00e4rin m\u00e4\u00e4r\u00e4\u00e4m\u00e4n hoidon lis\u00e4ksi.<\/p>\n<p>Canikur\u00ae Pro tahna on pakattu 15 ml tai 30 ml ruiskuun. 15 ml ruisku on tarkoitettu pienille koirille. Se riitt\u00e4\u00e4 pienell\u00e4 koiralle noin 3,5 p\u00e4iv\u00e4n ja keskikokoiselle noin 2 p\u00e4iv\u00e4n ajaksi. 30 ml ruisku riitt\u00e4\u00e4 suurelle koiralle noin 2,5 p\u00e4iv\u00e4n ajaksi.<br \/>\nLemmikin koko\u00a0\u00a0\u00a0\u00a0 Canikur Pro\u00ae annoksen koko kahdesti p\u00e4iv\u00e4ss\u00e4<br \/>\nPennut, pienet koirat ja kissat (alle 10 kg) 2 ml<br \/>\nKeskikokoiset koirat (11-25 kg) 4 ml<br \/>\nSuuret koirat (26-40 kg) 6 ml<br \/>\nEritt\u00e4in suuret koirat (yli 40 kg) 8 ml<\/p>\n<p>Kierr\u00e4 ruiskun m\u00e4nn\u00e4ss\u00e4 oleva lukitusrengas oikean annoksen kohdalla ja annostele suoraan lemmikin suuhun tai ruuan joukossa.<\/p>\n<p>Canikur\u00ae ja Canikur\u00ae Pro on l\u00e4\u00e4ketehdas Boehringer Ingelheimin valmistama t\u00e4ydennysrehu koirille ja kissoille.<\/p>\n<p>Saatavana apteekeista ja el\u00e4inl\u00e4\u00e4k\u00e4riasemilta.<\/p>\n","protected":false},"excerpt":{"rendered":"<p>Kun koira tai kissa oksentelee ja ripuloi.<\/p>\n","protected":false},"featured_media":1125,"template":"","meta":{"_acf_changed":false},"product_brand":[],"product_cat":[19],"product_tag":[],"class_list":{"0":"post-1124","1":"product","2":"type-product","3":"status-publish","4":"has-post-thumbnail","6":"product_cat-koirien-ja-kissojen-terveys-hoito","8":"first","9":"instock","10":"taxable","11":"shipping-taxable","12":"product-type-simple"},"acf":[],"yoast_head":"<!-- This site is optimized with the Yoast SEO plugin v27.5 - https:\/\/yoast.com\/product\/yoast-seo-wordpress\/ -->\n<title>Canikur - Koirakissaklinikka El\u00e4inl\u00e4\u00e4k\u00e4riasema Turussa<\/title>\n<meta name=\"robots\" content=\"index, follow, max-snippet:-1, max-image-preview:large, max-video-preview:-1\" \/>\n<link rel=\"canonical\" href=\"https:\/\/koirakissaklinikka.fi\/en\/tuote\/canikur\" \/>\n<meta property=\"og:locale\" content=\"en_US\" \/>\n<meta property=\"og:type\" content=\"article\" \/>\n<meta property=\"og:title\" content=\"Canikur - Koirakissaklinikka El\u00e4inl\u00e4\u00e4k\u00e4riasema Turussa\" \/>\n<meta property=\"og:description\" content=\"Kun koira tai kissa oksentelee ja ripuloi.\" \/>\n<meta property=\"og:url\" content=\"https:\/\/koirakissaklinikka.fi\/en\/tuote\/canikur\" \/>\n<meta property=\"og:site_name\" content=\"Koirakissaklinikka El\u00e4inl\u00e4\u00e4k\u00e4riasema Turussa\" \/>\n<meta property=\"article:modified_time\" content=\"2019-06-03T05:06:07+00:00\" \/>\n<meta property=\"og:image\" content=\"https:\/\/koirakissaklinikka.fi\/wp-content\/uploads\/2016\/07\/canikur12x_90795fb0ce400197817367191006b3ae.jpg\" \/>\n\t<meta property=\"og:image:width\" content=\"320\" \/>\n\t<meta property=\"og:image:height\" content=\"320\" \/>\n\t<meta property=\"og:image:type\" content=\"image\/jpeg\" \/>\n<meta name=\"twitter:card\" content=\"summary_large_image\" \/>\n<meta name=\"twitter:label1\" content=\"Est. reading time\" \/>\n\t<meta name=\"twitter:data1\" content=\"5 minutes\" \/>\n<script type=\"application\/ld+json\" class=\"yoast-schema-graph\">{\"@context\":\"https:\\\/\\\/schema.org\",\"@graph\":[{\"@type\":\"WebPage\",\"@id\":\"https:\\\/\\\/koirakissaklinikka.fi\\\/en\\\/tuote\\\/canikur\",\"url\":\"https:\\\/\\\/koirakissaklinikka.fi\\\/en\\\/tuote\\\/canikur\",\"name\":\"Canikur - Koirakissaklinikka El\u00e4inl\u00e4\u00e4k\u00e4riasema Turussa\",\"isPartOf\":{\"@id\":\"https:\\\/\\\/koirakissaklinikka.fi\\\/#website\"},\"primaryImageOfPage\":{\"@id\":\"https:\\\/\\\/koirakissaklinikka.fi\\\/en\\\/tuote\\\/canikur#primaryimage\"},\"image\":{\"@id\":\"https:\\\/\\\/koirakissaklinikka.fi\\\/en\\\/tuote\\\/canikur#primaryimage\"},\"thumbnailUrl\":\"https:\\\/\\\/koirakissaklinikka.fi\\\/wp-content\\\/uploads\\\/2016\\\/07\\\/canikur12x_90795fb0ce400197817367191006b3ae.jpg\",\"datePublished\":\"2016-07-19T12:53:16+00:00\",\"dateModified\":\"2019-06-03T05:06:07+00:00\",\"breadcrumb\":{\"@id\":\"https:\\\/\\\/koirakissaklinikka.fi\\\/en\\\/tuote\\\/canikur#breadcrumb\"},\"inLanguage\":\"en-US\",\"potentialAction\":[{\"@type\":\"ReadAction\",\"target\":[\"https:\\\/\\\/koirakissaklinikka.fi\\\/en\\\/tuote\\\/canikur\"]}]},{\"@type\":\"ImageObject\",\"inLanguage\":\"en-US\",\"@id\":\"https:\\\/\\\/koirakissaklinikka.fi\\\/en\\\/tuote\\\/canikur#primaryimage\",\"url\":\"https:\\\/\\\/koirakissaklinikka.fi\\\/wp-content\\\/uploads\\\/2016\\\/07\\\/canikur12x_90795fb0ce400197817367191006b3ae.jpg\",\"contentUrl\":\"https:\\\/\\\/koirakissaklinikka.fi\\\/wp-content\\\/uploads\\\/2016\\\/07\\\/canikur12x_90795fb0ce400197817367191006b3ae.jpg\",\"width\":320,\"height\":320},{\"@type\":\"BreadcrumbList\",\"@id\":\"https:\\\/\\\/koirakissaklinikka.fi\\\/en\\\/tuote\\\/canikur#breadcrumb\",\"itemListElement\":[{\"@type\":\"ListItem\",\"position\":1,\"name\":\"Etusivu\",\"item\":\"https:\\\/\\\/koirakissaklinikka.fi\\\/en\"},{\"@type\":\"ListItem\",\"position\":2,\"name\":\"Tuotteet\",\"item\":\"https:\\\/\\\/koirakissaklinikka.fi\\\/tuotteet\"},{\"@type\":\"ListItem\",\"position\":3,\"name\":\"Canikur\"}]},{\"@type\":\"WebSite\",\"@id\":\"https:\\\/\\\/koirakissaklinikka.fi\\\/#website\",\"url\":\"https:\\\/\\\/koirakissaklinikka.fi\\\/\",\"name\":\"Koirakissaklinikka\",\"description\":\"Ihan uusi WordPress-sivusto\",\"publisher\":{\"@id\":\"https:\\\/\\\/koirakissaklinikka.fi\\\/#organization\"},\"potentialAction\":[{\"@type\":\"SearchAction\",\"target\":{\"@type\":\"EntryPoint\",\"urlTemplate\":\"https:\\\/\\\/koirakissaklinikka.fi\\\/?s={search_term_string}\"},\"query-input\":{\"@type\":\"PropertyValueSpecification\",\"valueRequired\":true,\"valueName\":\"search_term_string\"}}],\"inLanguage\":\"en-US\"},{\"@type\":\"Organization\",\"@id\":\"https:\\\/\\\/koirakissaklinikka.fi\\\/#organization\",\"name\":\"Koira-Kissaklinikka\",\"url\":\"https:\\\/\\\/koirakissaklinikka.fi\\\/\",\"logo\":{\"@type\":\"ImageObject\",\"inLanguage\":\"en-US\",\"@id\":\"https:\\\/\\\/koirakissaklinikka.fi\\\/#\\\/schema\\\/logo\\\/image\\\/\",\"url\":\"https:\\\/\\\/koirakissaklinikka.fi\\\/wp-content\\\/uploads\\\/2023\\\/09\\\/KKKlogo.jpg\",\"contentUrl\":\"https:\\\/\\\/koirakissaklinikka.fi\\\/wp-content\\\/uploads\\\/2023\\\/09\\\/KKKlogo.jpg\",\"width\":389,\"height\":287,\"caption\":\"Koira-Kissaklinikka\"},\"image\":{\"@id\":\"https:\\\/\\\/koirakissaklinikka.fi\\\/#\\\/schema\\\/logo\\\/image\\\/\"}}]}<\/script>\n<!-- \/ Yoast SEO plugin. -->","yoast_head_json":{"title":"Canikur - Koirakissaklinikka El\u00e4inl\u00e4\u00e4k\u00e4riasema Turussa","robots":{"index":"index","follow":"follow","max-snippet":"max-snippet:-1","max-image-preview":"max-image-preview:large","max-video-preview":"max-video-preview:-1"},"canonical":"https:\/\/koirakissaklinikka.fi\/en\/tuote\/canikur","og_locale":"en_US","og_type":"article","og_title":"Canikur - Koirakissaklinikka El\u00e4inl\u00e4\u00e4k\u00e4riasema Turussa","og_description":"Kun koira tai kissa oksentelee ja ripuloi.","og_url":"https:\/\/koirakissaklinikka.fi\/en\/tuote\/canikur","og_site_name":"Koirakissaklinikka El\u00e4inl\u00e4\u00e4k\u00e4riasema Turussa","article_modified_time":"2019-06-03T05:06:07+00:00","og_image":[{"width":320,"height":320,"url":"https:\/\/koirakissaklinikka.fi\/wp-content\/uploads\/2016\/07\/canikur12x_90795fb0ce400197817367191006b3ae.jpg","type":"image\/jpeg"}],"twitter_card":"summary_large_image","twitter_misc":{"Est. reading time":"5 minutes"},"schema":{"@context":"https:\/\/schema.org","@graph":[{"@type":"WebPage","@id":"https:\/\/koirakissaklinikka.fi\/en\/tuote\/canikur","url":"https:\/\/koirakissaklinikka.fi\/en\/tuote\/canikur","name":"Canikur - Koirakissaklinikka El\u00e4inl\u00e4\u00e4k\u00e4riasema Turussa","isPartOf":{"@id":"https:\/\/koirakissaklinikka.fi\/#website"},"primaryImageOfPage":{"@id":"https:\/\/koirakissaklinikka.fi\/en\/tuote\/canikur#primaryimage"},"image":{"@id":"https:\/\/koirakissaklinikka.fi\/en\/tuote\/canikur#primaryimage"},"thumbnailUrl":"https:\/\/koirakissaklinikka.fi\/wp-content\/uploads\/2016\/07\/canikur12x_90795fb0ce400197817367191006b3ae.jpg","datePublished":"2016-07-19T12:53:16+00:00","dateModified":"2019-06-03T05:06:07+00:00","breadcrumb":{"@id":"https:\/\/koirakissaklinikka.fi\/en\/tuote\/canikur#breadcrumb"},"inLanguage":"en-US","potentialAction":[{"@type":"ReadAction","target":["https:\/\/koirakissaklinikka.fi\/en\/tuote\/canikur"]}]},{"@type":"ImageObject","inLanguage":"en-US","@id":"https:\/\/koirakissaklinikka.fi\/en\/tuote\/canikur#primaryimage","url":"https:\/\/koirakissaklinikka.fi\/wp-content\/uploads\/2016\/07\/canikur12x_90795fb0ce400197817367191006b3ae.jpg","contentUrl":"https:\/\/koirakissaklinikka.fi\/wp-content\/uploads\/2016\/07\/canikur12x_90795fb0ce400197817367191006b3ae.jpg","width":320,"height":320},{"@type":"BreadcrumbList","@id":"https:\/\/koirakissaklinikka.fi\/en\/tuote\/canikur#breadcrumb","itemListElement":[{"@type":"ListItem","position":1,"name":"Etusivu","item":"https:\/\/koirakissaklinikka.fi\/en"},{"@type":"ListItem","position":2,"name":"Tuotteet","item":"https:\/\/koirakissaklinikka.fi\/tuotteet"},{"@type":"ListItem","position":3,"name":"Canikur"}]},{"@type":"WebSite","@id":"https:\/\/koirakissaklinikka.fi\/#website","url":"https:\/\/koirakissaklinikka.fi\/","name":"Koirakissaklinikka","description":"Ihan uusi WordPress-sivusto","publisher":{"@id":"https:\/\/koirakissaklinikka.fi\/#organization"},"potentialAction":[{"@type":"SearchAction","target":{"@type":"EntryPoint","urlTemplate":"https:\/\/koirakissaklinikka.fi\/?s={search_term_string}"},"query-input":{"@type":"PropertyValueSpecification","valueRequired":true,"valueName":"search_term_string"}}],"inLanguage":"en-US"},{"@type":"Organization","@id":"https:\/\/koirakissaklinikka.fi\/#organization","name":"Koira-Kissaklinikka","url":"https:\/\/koirakissaklinikka.fi\/","logo":{"@type":"ImageObject","inLanguage":"en-US","@id":"https:\/\/koirakissaklinikka.fi\/#\/schema\/logo\/image\/","url":"https:\/\/koirakissaklinikka.fi\/wp-content\/uploads\/2023\/09\/KKKlogo.jpg","contentUrl":"https:\/\/koirakissaklinikka.fi\/wp-content\/uploads\/2023\/09\/KKKlogo.jpg","width":389,"height":287,"caption":"Koira-Kissaklinikka"},"image":{"@id":"https:\/\/koirakissaklinikka.fi\/#\/schema\/logo\/image\/"}}]}},"_links":{"self":[{"href":"https:\/\/koirakissaklinikka.fi\/en\/wp-json\/wp\/v2\/product\/1124","targetHints":{"allow":["GET"]}}],"collection":[{"href":"https:\/\/koirakissaklinikka.fi\/en\/wp-json\/wp\/v2\/product"}],"about":[{"href":"https:\/\/koirakissaklinikka.fi\/en\/wp-json\/wp\/v2\/types\/product"}],"wp:featuredmedia":[{"embeddable":true,"href":"https:\/\/koirakissaklinikka.fi\/en\/wp-json\/wp\/v2\/media\/1125"}],"wp:attachment":[{"href":"https:\/\/koirakissaklinikka.fi\/en\/wp-json\/wp\/v2\/media?parent=1124"}],"wp:term":[{"taxonomy":"product_brand","embeddable":true,"href":"https:\/\/koirakissaklinikka.fi\/en\/wp-json\/wp\/v2\/product_brand?post=1124"},{"taxonomy":"product_cat","embeddable":true,"href":"https:\/\/koirakissaklinikka.fi\/en\/wp-json\/wp\/v2\/product_cat?post=1124"},{"taxonomy":"product_tag","embeddable":true,"href":"https:\/\/koirakissaklinikka.fi\/en\/wp-json\/wp\/v2\/product_tag?post=1124"}],"curies":[{"name":"wp","href":"https:\/\/api.w.org\/{rel}","templated":true}]}}