{"id":730,"date":"2016-07-15T13:05:44","date_gmt":"2016-07-15T10:05:44","guid":{"rendered":"https:\/\/koirakissaklinikka.fi\/?post_type=product&#038;p=730"},"modified":"2023-12-08T12:13:50","modified_gmt":"2023-12-08T10:13:50","slug":"hills-prescription-diet-id-canine-sakki-2kg","status":"publish","type":"product","link":"https:\/\/koirakissaklinikka.fi\/en\/tuote\/hills-prescription-diet-id-canine-sakki-2kg","title":{"rendered":"Hill&#8217;s Prescription Diet\u2122 i\/d\u2122 Canine, 1,5kg, 4kg ja 12kg"},"content":{"rendered":"<h4>Ei suositella k\u00e4ytett\u00e4v\u00e4ksi<\/h4>\n<ul>\n<li>Kissoilla.<\/li>\n<li>Koirilla, joilla on natriumretentio.<\/li>\n<\/ul>\n<h4>Lis\u00e4tietoja<\/h4>\n<p>On tasapainoista ravintoa niin kasvaville pennuille kuin aikuisillekin koirille.<br \/>\nK\u00e4yt\u00e4 akuutissa haimatulehduksessa vasta alkuvaiheen paaston j\u00e4lkeen.<br \/>\nKoirilla joilla on taipumus mahalaukun laajentumaan ja kiertym\u00e4\u00e4n, liikuntaa ja leikkimist\u00e4 tulisi v\u00e4ltt\u00e4\u00e4 ruoka-aikojen l\u00e4heisyydess\u00e4; ihanteellisesti lepo noin tunnin ajan ennen ja j\u00e4lkeen ruokinnan.<br \/>\nParantaa ravintoaineiden imeytymist\u00e4 ja antaa ruuansulatuskanavan toipua.<br \/>\nAuttaa hillitsem\u00e4\u00e4n oksentelua ja rasvaripulia (steatorrea).<br \/>\nTuottaa lyhytketjuisia rasvahappoja paksusuolen solujen ravitsemiseen ja palauttaa normaalin suolistoflooran.<br \/>\nAuttaa korvaamaan oksentelun ja ripulin aiheuttamia menetyksi\u00e4.<br \/>\nNeutraloi vapaita radikaaleja, jotka liittyv\u00e4t ruuansulatukavanavan tulehdukseen.<\/p>\n<h4>Muita tuotteita, joita voidaan k\u00e4ytt\u00e4\u00e4<\/h4>\n<p>Lemmikkiyksil\u00f6lle sopimattomat ruoka-aineet: Prescription Diet\u2122 z\/d\u2122 ULTRA Allergen-Free Canine, Prescription Diet\u2122 z\/d\u2122 Low Allergen Canine tai Prescription Diet\u2122 d\/d\u2122 Canine.<br \/>\nKuituun reagoivat ruuansulatuskanavan sairaudet: Prescription Diet\u2122 w\/d\u2122 Canine.<\/p>\n<h4>VALMISTUSAINEET, KUIVARUOKA<\/h4>\n<p>Jauhettu maissi, jauhettu riisi, kuivattu kananmuna, kanan- ja kalkkunanlihajauho, maissigluteenijauho, lihauute, kuivattu juurikasleike, el\u00e4inrasva, kasvi\u00f6ljy, kalsiumkarbonaatti, pellavasiemen, kaliumsitraatti, suola, kaliumkloridi, dikalsiumfosfaatti, tauriini, L-tryptofaani, vitamiineja ja hivenaineita. Sis\u00e4lt\u00e4\u00e4 EU:n hyv\u00e4ksymi\u00e4 antioksidantteja.<\/p>\n","protected":false},"excerpt":{"rendered":"<h4>Indikaatiot<\/h4>\n<ul>\n<li>Ruuansulatuskanavan sairaudet: gastriitti, enteriitti, koliitti (eli useimmat ripulin aiheuttajat, sek\u00e4 malabsorptio ja bakteerien liikakasvu)<\/li>\n<li>Toipilasaika ruuansulatuskanavan leikkausten j\u00e4lkeen<\/li>\n<li>Toipilasaika pienempien leikkaustoimenpiteiden j\u00e4lkeen tai liev\u00e4sti rasittavat sairaustilat<\/li>\n<li>Haiman vajaatoiminta.<\/li>\n<li>Haimatulehdus.<\/li>\n<li>Mahalaukun laajentuma ja kiertym\u00e4.<\/li>\n<li>Pennut \u2013 ravitsemuksellisesti tasapainoinen my\u00f6s kasvaville pennuille.<\/li>\n<\/ul>\n","protected":false},"featured_media":4473,"template":"","meta":{"_acf_changed":false},"product_brand":[],"product_cat":[8],"product_tag":[],"class_list":{"0":"post-730","1":"product","2":"type-product","3":"status-publish","4":"has-post-thumbnail","6":"product_cat-koirien-erikoisruoat","8":"first","9":"instock","10":"taxable","11":"shipping-taxable","12":"product-type-simple"},"acf":[],"yoast_head":"<!-- This site is optimized with the Yoast SEO plugin v26.6 - https:\/\/yoast.com\/wordpress\/plugins\/seo\/ -->\n<title>Hill&#039;s Prescription Diet\u2122 i\/d\u2122 Canine, 1,5kg, 4kg ja 12kg - Koirakissaklinikka El\u00e4inl\u00e4\u00e4k\u00e4riasema Turussa<\/title>\n<meta name=\"robots\" content=\"index, follow, max-snippet:-1, max-image-preview:large, max-video-preview:-1\" \/>\n<link rel=\"canonical\" href=\"https:\/\/koirakissaklinikka.fi\/tuote\/hills-prescription-diet-id-canine-sakki-2kg\" \/>\n<meta property=\"og:locale\" content=\"en_US\" \/>\n<meta property=\"og:type\" content=\"article\" \/>\n<meta property=\"og:title\" content=\"Hill&#039;s Prescription Diet\u2122 i\/d\u2122 Canine, 1,5kg, 4kg ja 12kg - Koirakissaklinikka El\u00e4inl\u00e4\u00e4k\u00e4riasema Turussa\" \/>\n<meta property=\"og:description\" content=\"Indikaatiot   Ruuansulatuskanavan sairaudet: gastriitti, enteriitti, koliitti (eli useimmat ripulin aiheuttajat, sek\u00e4 malabsorptio ja bakteerien liikakasvu)  Toipilasaika ruuansulatuskanavan leikkausten j\u00e4lkeen  Toipilasaika pienempien leikkaustoimenpiteiden j\u00e4lkeen tai liev\u00e4sti rasittavat sairaustilat  Haiman vajaatoiminta.  Haimatulehdus.  Mahalaukun laajentuma ja kiertym\u00e4.  Pennut \u2013 ravitsemuksellisesti tasapainoinen my\u00f6s kasvaville pennuille.\" \/>\n<meta property=\"og:url\" content=\"https:\/\/koirakissaklinikka.fi\/tuote\/hills-prescription-diet-id-canine-sakki-2kg\" \/>\n<meta property=\"og:site_name\" content=\"Koirakissaklinikka El\u00e4inl\u00e4\u00e4k\u00e4riasema Turussa\" \/>\n<meta property=\"article:modified_time\" content=\"2023-12-08T10:13:50+00:00\" \/>\n<meta property=\"og:image\" content=\"https:\/\/koirakissaklinikka.fi\/wp-content\/uploads\/2023\/12\/id.jpeg\" \/>\n\t<meta property=\"og:image:width\" content=\"1600\" \/>\n\t<meta property=\"og:image:height\" content=\"1600\" \/>\n\t<meta property=\"og:image:type\" content=\"image\/jpeg\" \/>\n<meta name=\"twitter:card\" content=\"summary_large_image\" \/>\n<meta name=\"twitter:label1\" content=\"Est. reading time\" \/>\n\t<meta name=\"twitter:data1\" content=\"1 minute\" \/>\n<script type=\"application\/ld+json\" class=\"yoast-schema-graph\">{\"@context\":\"https:\/\/schema.org\",\"@graph\":[{\"@type\":\"WebPage\",\"@id\":\"https:\/\/koirakissaklinikka.fi\/tuote\/hills-prescription-diet-id-canine-sakki-2kg\",\"url\":\"https:\/\/koirakissaklinikka.fi\/tuote\/hills-prescription-diet-id-canine-sakki-2kg\",\"name\":\"Hill's Prescription Diet\u2122 i\/d\u2122 Canine, 1,5kg, 4kg ja 12kg - Koirakissaklinikka El\u00e4inl\u00e4\u00e4k\u00e4riasema Turussa\",\"isPartOf\":{\"@id\":\"https:\/\/koirakissaklinikka.fi\/#website\"},\"primaryImageOfPage\":{\"@id\":\"https:\/\/koirakissaklinikka.fi\/tuote\/hills-prescription-diet-id-canine-sakki-2kg#primaryimage\"},\"image\":{\"@id\":\"https:\/\/koirakissaklinikka.fi\/tuote\/hills-prescription-diet-id-canine-sakki-2kg#primaryimage\"},\"thumbnailUrl\":\"https:\/\/koirakissaklinikka.fi\/wp-content\/uploads\/2023\/12\/id.jpeg\",\"datePublished\":\"2016-07-15T10:05:44+00:00\",\"dateModified\":\"2023-12-08T10:13:50+00:00\",\"breadcrumb\":{\"@id\":\"https:\/\/koirakissaklinikka.fi\/tuote\/hills-prescription-diet-id-canine-sakki-2kg#breadcrumb\"},\"inLanguage\":\"en-US\",\"potentialAction\":[{\"@type\":\"ReadAction\",\"target\":[\"https:\/\/koirakissaklinikka.fi\/tuote\/hills-prescription-diet-id-canine-sakki-2kg\"]}]},{\"@type\":\"ImageObject\",\"inLanguage\":\"en-US\",\"@id\":\"https:\/\/koirakissaklinikka.fi\/tuote\/hills-prescription-diet-id-canine-sakki-2kg#primaryimage\",\"url\":\"https:\/\/koirakissaklinikka.fi\/wp-content\/uploads\/2023\/12\/id.jpeg\",\"contentUrl\":\"https:\/\/koirakissaklinikka.fi\/wp-content\/uploads\/2023\/12\/id.jpeg\",\"width\":1600,\"height\":1600},{\"@type\":\"BreadcrumbList\",\"@id\":\"https:\/\/koirakissaklinikka.fi\/tuote\/hills-prescription-diet-id-canine-sakki-2kg#breadcrumb\",\"itemListElement\":[{\"@type\":\"ListItem\",\"position\":1,\"name\":\"Etusivu\",\"item\":\"https:\/\/koirakissaklinikka.fi\/en\"},{\"@type\":\"ListItem\",\"position\":2,\"name\":\"Tuotteet\",\"item\":\"https:\/\/koirakissaklinikka.fi\/tuotteet\"},{\"@type\":\"ListItem\",\"position\":3,\"name\":\"Hill&#8217;s Prescription Diet\u2122 i\/d\u2122 Canine, 1,5kg, 4kg ja 12kg\"}]},{\"@type\":\"WebSite\",\"@id\":\"https:\/\/koirakissaklinikka.fi\/#website\",\"url\":\"https:\/\/koirakissaklinikka.fi\/\",\"name\":\"Koirakissaklinikka\",\"description\":\"Ihan uusi WordPress-sivusto\",\"publisher\":{\"@id\":\"https:\/\/koirakissaklinikka.fi\/#organization\"},\"potentialAction\":[{\"@type\":\"SearchAction\",\"target\":{\"@type\":\"EntryPoint\",\"urlTemplate\":\"https:\/\/koirakissaklinikka.fi\/?s={search_term_string}\"},\"query-input\":{\"@type\":\"PropertyValueSpecification\",\"valueRequired\":true,\"valueName\":\"search_term_string\"}}],\"inLanguage\":\"en-US\"},{\"@type\":\"Organization\",\"@id\":\"https:\/\/koirakissaklinikka.fi\/#organization\",\"name\":\"Koira-Kissaklinikka\",\"url\":\"https:\/\/koirakissaklinikka.fi\/\",\"logo\":{\"@type\":\"ImageObject\",\"inLanguage\":\"en-US\",\"@id\":\"https:\/\/koirakissaklinikka.fi\/#\/schema\/logo\/image\/\",\"url\":\"https:\/\/koirakissaklinikka.fi\/wp-content\/uploads\/2023\/09\/KKKlogo.jpg\",\"contentUrl\":\"https:\/\/koirakissaklinikka.fi\/wp-content\/uploads\/2023\/09\/KKKlogo.jpg\",\"width\":389,\"height\":287,\"caption\":\"Koira-Kissaklinikka\"},\"image\":{\"@id\":\"https:\/\/koirakissaklinikka.fi\/#\/schema\/logo\/image\/\"}}]}<\/script>\n<!-- \/ Yoast SEO plugin. -->","yoast_head_json":{"title":"Hill's Prescription Diet\u2122 i\/d\u2122 Canine, 1,5kg, 4kg ja 12kg - Koirakissaklinikka El\u00e4inl\u00e4\u00e4k\u00e4riasema Turussa","robots":{"index":"index","follow":"follow","max-snippet":"max-snippet:-1","max-image-preview":"max-image-preview:large","max-video-preview":"max-video-preview:-1"},"canonical":"https:\/\/koirakissaklinikka.fi\/tuote\/hills-prescription-diet-id-canine-sakki-2kg","og_locale":"en_US","og_type":"article","og_title":"Hill's Prescription Diet\u2122 i\/d\u2122 Canine, 1,5kg, 4kg ja 12kg - Koirakissaklinikka El\u00e4inl\u00e4\u00e4k\u00e4riasema Turussa","og_description":"Indikaatiot   Ruuansulatuskanavan sairaudet: gastriitti, enteriitti, koliitti (eli useimmat ripulin aiheuttajat, sek\u00e4 malabsorptio ja bakteerien liikakasvu)  Toipilasaika ruuansulatuskanavan leikkausten j\u00e4lkeen  Toipilasaika pienempien leikkaustoimenpiteiden j\u00e4lkeen tai liev\u00e4sti rasittavat sairaustilat  Haiman vajaatoiminta.  Haimatulehdus.  Mahalaukun laajentuma ja kiertym\u00e4.  Pennut \u2013 ravitsemuksellisesti tasapainoinen my\u00f6s kasvaville pennuille.","og_url":"https:\/\/koirakissaklinikka.fi\/tuote\/hills-prescription-diet-id-canine-sakki-2kg","og_site_name":"Koirakissaklinikka El\u00e4inl\u00e4\u00e4k\u00e4riasema Turussa","article_modified_time":"2023-12-08T10:13:50+00:00","og_image":[{"width":1600,"height":1600,"url":"https:\/\/koirakissaklinikka.fi\/wp-content\/uploads\/2023\/12\/id.jpeg","type":"image\/jpeg"}],"twitter_card":"summary_large_image","twitter_misc":{"Est. reading time":"1 minute"},"schema":{"@context":"https:\/\/schema.org","@graph":[{"@type":"WebPage","@id":"https:\/\/koirakissaklinikka.fi\/tuote\/hills-prescription-diet-id-canine-sakki-2kg","url":"https:\/\/koirakissaklinikka.fi\/tuote\/hills-prescription-diet-id-canine-sakki-2kg","name":"Hill's Prescription Diet\u2122 i\/d\u2122 Canine, 1,5kg, 4kg ja 12kg - Koirakissaklinikka El\u00e4inl\u00e4\u00e4k\u00e4riasema Turussa","isPartOf":{"@id":"https:\/\/koirakissaklinikka.fi\/#website"},"primaryImageOfPage":{"@id":"https:\/\/koirakissaklinikka.fi\/tuote\/hills-prescription-diet-id-canine-sakki-2kg#primaryimage"},"image":{"@id":"https:\/\/koirakissaklinikka.fi\/tuote\/hills-prescription-diet-id-canine-sakki-2kg#primaryimage"},"thumbnailUrl":"https:\/\/koirakissaklinikka.fi\/wp-content\/uploads\/2023\/12\/id.jpeg","datePublished":"2016-07-15T10:05:44+00:00","dateModified":"2023-12-08T10:13:50+00:00","breadcrumb":{"@id":"https:\/\/koirakissaklinikka.fi\/tuote\/hills-prescription-diet-id-canine-sakki-2kg#breadcrumb"},"inLanguage":"en-US","potentialAction":[{"@type":"ReadAction","target":["https:\/\/koirakissaklinikka.fi\/tuote\/hills-prescription-diet-id-canine-sakki-2kg"]}]},{"@type":"ImageObject","inLanguage":"en-US","@id":"https:\/\/koirakissaklinikka.fi\/tuote\/hills-prescription-diet-id-canine-sakki-2kg#primaryimage","url":"https:\/\/koirakissaklinikka.fi\/wp-content\/uploads\/2023\/12\/id.jpeg","contentUrl":"https:\/\/koirakissaklinikka.fi\/wp-content\/uploads\/2023\/12\/id.jpeg","width":1600,"height":1600},{"@type":"BreadcrumbList","@id":"https:\/\/koirakissaklinikka.fi\/tuote\/hills-prescription-diet-id-canine-sakki-2kg#breadcrumb","itemListElement":[{"@type":"ListItem","position":1,"name":"Etusivu","item":"https:\/\/koirakissaklinikka.fi\/en"},{"@type":"ListItem","position":2,"name":"Tuotteet","item":"https:\/\/koirakissaklinikka.fi\/tuotteet"},{"@type":"ListItem","position":3,"name":"Hill&#8217;s Prescription Diet\u2122 i\/d\u2122 Canine, 1,5kg, 4kg ja 12kg"}]},{"@type":"WebSite","@id":"https:\/\/koirakissaklinikka.fi\/#website","url":"https:\/\/koirakissaklinikka.fi\/","name":"Koirakissaklinikka","description":"Ihan uusi WordPress-sivusto","publisher":{"@id":"https:\/\/koirakissaklinikka.fi\/#organization"},"potentialAction":[{"@type":"SearchAction","target":{"@type":"EntryPoint","urlTemplate":"https:\/\/koirakissaklinikka.fi\/?s={search_term_string}"},"query-input":{"@type":"PropertyValueSpecification","valueRequired":true,"valueName":"search_term_string"}}],"inLanguage":"en-US"},{"@type":"Organization","@id":"https:\/\/koirakissaklinikka.fi\/#organization","name":"Koira-Kissaklinikka","url":"https:\/\/koirakissaklinikka.fi\/","logo":{"@type":"ImageObject","inLanguage":"en-US","@id":"https:\/\/koirakissaklinikka.fi\/#\/schema\/logo\/image\/","url":"https:\/\/koirakissaklinikka.fi\/wp-content\/uploads\/2023\/09\/KKKlogo.jpg","contentUrl":"https:\/\/koirakissaklinikka.fi\/wp-content\/uploads\/2023\/09\/KKKlogo.jpg","width":389,"height":287,"caption":"Koira-Kissaklinikka"},"image":{"@id":"https:\/\/koirakissaklinikka.fi\/#\/schema\/logo\/image\/"}}]}},"_links":{"self":[{"href":"https:\/\/koirakissaklinikka.fi\/en\/wp-json\/wp\/v2\/product\/730","targetHints":{"allow":["GET"]}}],"collection":[{"href":"https:\/\/koirakissaklinikka.fi\/en\/wp-json\/wp\/v2\/product"}],"about":[{"href":"https:\/\/koirakissaklinikka.fi\/en\/wp-json\/wp\/v2\/types\/product"}],"wp:featuredmedia":[{"embeddable":true,"href":"https:\/\/koirakissaklinikka.fi\/en\/wp-json\/wp\/v2\/media\/4473"}],"wp:attachment":[{"href":"https:\/\/koirakissaklinikka.fi\/en\/wp-json\/wp\/v2\/media?parent=730"}],"wp:term":[{"taxonomy":"product_brand","embeddable":true,"href":"https:\/\/koirakissaklinikka.fi\/en\/wp-json\/wp\/v2\/product_brand?post=730"},{"taxonomy":"product_cat","embeddable":true,"href":"https:\/\/koirakissaklinikka.fi\/en\/wp-json\/wp\/v2\/product_cat?post=730"},{"taxonomy":"product_tag","embeddable":true,"href":"https:\/\/koirakissaklinikka.fi\/en\/wp-json\/wp\/v2\/product_tag?post=730"}],"curies":[{"name":"wp","href":"https:\/\/api.w.org\/{rel}","templated":true}]}}