{"id":517,"date":"2016-07-14T15:14:07","date_gmt":"2016-07-14T12:14:07","guid":{"rendered":"https:\/\/koirakissaklinikka.fi\/?page_id=517&#038;lang=sv"},"modified":"2016-12-18T13:45:37","modified_gmt":"2016-12-18T11:45:37","slug":"valkommen-till-mottagningen","status":"publish","type":"page","link":"https:\/\/koirakissaklinikka.fi\/sv\/valkommen-till-mottagningen","title":{"rendered":"V\u00e4lkommen till mottagningen!"},"content":{"rendered":"<p><img loading=\"lazy\" decoding=\"async\" class=\"alignnone size-full wp-image-524\" src=\"https:\/\/koirakissaklinikka.fi\/wp-content\/uploads\/2016\/07\/tervetuloavastotolle.jpg\" alt=\"tervetuloavastotolle\" width=\"600\" height=\"100\" srcset=\"https:\/\/koirakissaklinikka.fi\/wp-content\/uploads\/2016\/07\/tervetuloavastotolle.jpg 600w, https:\/\/koirakissaklinikka.fi\/wp-content\/uploads\/2016\/07\/tervetuloavastotolle-510x85.jpg 510w, https:\/\/koirakissaklinikka.fi\/wp-content\/uploads\/2016\/07\/tervetuloavastotolle-300x50.jpg 300w\" sizes=\"auto, (max-width: 600px) 100vw, 600px\" \/><\/p>\n<p>V\u00e5r klinik fungerar enligt tidsbokningsprincip. Vi betj\u00e4nar fr\u00e5n m\u00e5ndag till torsdag fredag och varannan helg (se info p\u00e5 v\u00e5r hemsida) . N\u00e5gon s\u00e4rskilt telefontid f\u00f6r tidsbokningar finns inte, s\u00e5 du kan ringa oss n\u00e4r som helst under mottagningstiderna.<\/p>\n<p>V\u00e5ra veterin\u00e4rer har inte specifika telefontider men du kan l\u00e4mna ett ringbud hos v\u00e5r tidsbest\u00e4llnin s\u00e5 ringer v\u00e5r veterin\u00e4r tillbacka.<\/p>\n<p>D\u00e5 du tar kontakt st\u00e4ller vi dig ett antal fr\u00e5gor om ditt keldjur och om det aktuella problemet. Utg\u00e5ende fr\u00e5n denna kartl\u00e4ggning av situationen kan vi tillsammans avg\u00f6ra hur br\u00e5dskande v\u00e5rd eller unders\u00f6kningar som kr\u00e4vs och dessutom kan vi ge dig anvisningar f\u00f6r v\u00e5rd och hur du b\u00f6r g\u00f6ra f\u00f6r att ditt keldjur ska m\u00e5 s\u00e5 bra som m\u00f6jligt tills vi tr\u00e4ffas p\u00e5 kliniken.<br \/>\nV\u00e4nligen f\u00f6lj noggrant de anvisningar du f\u00e5tt per telefon. En del av de unders\u00f6kningar som g\u00f6rs p\u00e5 klinken f\u00f6ruts\u00e4tter bl.a. en kort period av fasta innan bes\u00f6ket p\u00e5 kliniken. Du f\u00e5r \u00e4ven anvisningar f\u00f6r hur du ska behandla patienten innan ni kommer in f\u00f6r unders\u00f6kning, denna information ges i samband med att du bokar tid.<\/p>\n<p>I samband med det f\u00f6rsta bes\u00f6ket ombeds du fylla i uppgifterna om ditt keldjur p\u00e5 ett patientkort som g\u00f6rs f\u00f6r djuret. I detta ADB-baserade patientdokument antecknar vi alla era bes\u00f6k, utf\u00f6rda unders\u00f6kningar och resultaten av dessa samt genomf\u00f6rda behandlingar, vaccinationer etc. I framtiden beh\u00f6ver du inte komma ih\u00e5g allt och varje g\u00e5ng upprepa ditt keldjurs historia inom h\u00e4lsov\u00e5rden. Vi har alla uppgifter i noggrant och p\u00e5litligt f\u00f6rvar!<\/p>\n<p><img loading=\"lazy\" decoding=\"async\" class=\"alignnone size-large wp-image-9\" src=\"https:\/\/koirakissaklinikka.fi\/wp-content\/uploads\/2016\/07\/Vastaanotto-1024x768.jpg\" alt=\"Vastaanotto\" width=\"840\" height=\"630\" srcset=\"https:\/\/koirakissaklinikka.fi\/wp-content\/uploads\/2016\/07\/Vastaanotto-1024x768.jpg 1024w, https:\/\/koirakissaklinikka.fi\/wp-content\/uploads\/2016\/07\/Vastaanotto-510x383.jpg 510w, https:\/\/koirakissaklinikka.fi\/wp-content\/uploads\/2016\/07\/Vastaanotto-300x225.jpg 300w, https:\/\/koirakissaklinikka.fi\/wp-content\/uploads\/2016\/07\/Vastaanotto-768x576.jpg 768w, https:\/\/koirakissaklinikka.fi\/wp-content\/uploads\/2016\/07\/Vastaanotto-1200x900.jpg 1200w, https:\/\/koirakissaklinikka.fi\/wp-content\/uploads\/2016\/07\/Vastaanotto.jpg 1632w\" sizes=\"auto, (max-width: 840px) 100vw, 840px\" \/><\/p>\n<h2>I v\u00e4ntrummet<\/h2>\n<p>D\u00e5 du kommer till kliniken, h\u00e5ll ditt keldjur hela tiden under direkt uppsikt, i koppel eller i en transportl\u00e5da eller i famnen. \u00c4ven om ditt egna keldjur skulle vara v\u00e4rldens sn\u00e4llaste, och inte lida av n\u00e5gon smittsam sjukdom, g\u00e4ller detta inte n\u00f6dv\u00e4ndigtvis de andra djurpatienterna. V\u00e5rt m\u00e5l \u00e4r att g\u00f6ra varje bes\u00f6k hos oss s\u00e5 behagligt som m\u00f6jligt f\u00f6r dig och ditt keldjur.<\/p>\n<p>&nbsp;<\/p>\n<p>Kattpatienter har ett eget v\u00e4ntrum p\u00e5 v\u00e5r klinik.<\/p>\n<p><img loading=\"lazy\" decoding=\"async\" class=\"alignnone size-large wp-image-8\" src=\"https:\/\/koirakissaklinikka.fi\/wp-content\/uploads\/2016\/07\/Kissojen-odotustila-768x1024.jpg\" alt=\"Kissojen odotustila\" width=\"768\" height=\"1024\" srcset=\"https:\/\/koirakissaklinikka.fi\/wp-content\/uploads\/2016\/07\/Kissojen-odotustila-768x1024.jpg 768w, https:\/\/koirakissaklinikka.fi\/wp-content\/uploads\/2016\/07\/Kissojen-odotustila-510x680.jpg 510w, https:\/\/koirakissaklinikka.fi\/wp-content\/uploads\/2016\/07\/Kissojen-odotustila-225x300.jpg 225w, https:\/\/koirakissaklinikka.fi\/wp-content\/uploads\/2016\/07\/Kissojen-odotustila-1200x1600.jpg 1200w, https:\/\/koirakissaklinikka.fi\/wp-content\/uploads\/2016\/07\/Kissojen-odotustila.jpg 1224w\" sizes=\"auto, (max-width: 768px) 100vw, 768px\" \/><\/p>\n<p>Du kan \u00e4ven v\u00e4ga ditt keldjur p\u00e5 v\u00e5gen i v\u00e5rt v\u00e4ntrum, varefter vi \u00e4ven kan anteckna den nuvarande vikten p\u00e5 patientkortet. Om ditt keldjur \u00e4ven v\u00e5rdas n\u00e5gon annanstans f\u00f6r det aktuella besv\u00e4ret, kom du f\u00f6rhoppningsvis ih\u00e5g att ta med dig alla eventuella v\u00e5rdanvisningar och unders\u00f6kningsresultat!<\/p>\n<p>Har ni redan blivit inkallade? Om inte, ha t\u00e5lamod, tack. Vi har kanske varit tvungna att utanf\u00f6r bokade tider operera en katt som hamnat under bilen eller en hundmamma, vars egna och vars valpars liv h\u00e4nger p\u00e5 att en akut kejsarsnittsoperation lyckas. D\u00e5 n\u00f6den \u00e4r som st\u00f6rst, kan man inte g\u00e5 efter klockan. Tack f\u00f6r din samarbetsvilja, \u00e4ven i \u00f6verraskande situationer!<\/p>\n<p>Om det \u00e4r f\u00f6rsta g\u00e5ngen som du bes\u00f6ker oss med ditt keldjur, och orsaken till ert bes\u00f6k inte kr\u00e4ver omedelbara, br\u00e5dskande veterin\u00e4rmedicinska \u00e5tg\u00e4rder, \u00e4r det snart dags f\u00f6r en allm\u00e4nn h\u00e4lsounders\u00f6kning av keldjuret och en stunds intervju med \u00e4garen.<\/p>\n<p><img loading=\"lazy\" decoding=\"async\" class=\"alignnone size-full wp-image-525\" src=\"https:\/\/koirakissaklinikka.fi\/wp-content\/uploads\/2016\/07\/odotushuoneessa.jpg\" alt=\"odotushuoneessa\" width=\"500\" height=\"300\" srcset=\"https:\/\/koirakissaklinikka.fi\/wp-content\/uploads\/2016\/07\/odotushuoneessa.jpg 500w, https:\/\/koirakissaklinikka.fi\/wp-content\/uploads\/2016\/07\/odotushuoneessa-300x180.jpg 300w\" sizes=\"auto, (max-width: 500px) 100vw, 500px\" \/><\/p>\n<h2>I unders\u00f6kningsrummet med veterin\u00e4ren<\/h2>\n<p>V\u00e5ra veterin\u00e4rer utf\u00f6r unders\u00f6kningar f\u00f6r att utreda det allm\u00e4nna h\u00e4lsotillst\u00e5ndet hos ditt keldjur och har samtidigt en pratstund med dig om ditt keldjurs beteende samt m\u00f6jliga avvikelser. Givetvis f\u00f6rh\u00f6r vi oss ocks\u00e5 om symtomen du eventuellt lagt m\u00e4rke till hos ditt keldjur och som gett anledning till ert bes\u00f6k.<\/p>\n<p>I unders\u00f6kningsrummet lyfts patienten upp p\u00e5 unders\u00f6kningsbordet och vid behov hj\u00e4lper v\u00e5ra djursk\u00f6tare, specialiserade p\u00e5 sm\u00e5djur, till att s\u00e4kerst\u00e4lla att unders\u00f6kningarna s\u00e4kert kan genomf\u00f6ras p\u00e5 bordet. Det \u00e4r bra, om du har l\u00e4rt din valp, ditt keldjur, att vid behov trivas med att bli unders\u00f6kt \u00e4ven p\u00e5 ett bord.<\/p>\n<p>Vi har \u00e4ven patienter, t.ex. hundar som h\u00f6r till samma familj, och som kommer f\u00f6r att vaccineras, som t\u00e4vlar sinsemellan om vem som f\u00f6rst hinner hoppa upp p\u00e5 bordet f\u00f6r att hamna i centrum f\u00f6r uppm\u00e4rksamheten! N\u00e5, att hoppa \u00e4r inte n\u00f6dv\u00e4ndigt, men att ha en \u00f6ppen, v\u00e4nlig inst\u00e4llning till olika situationer i livet \u00e4r n\u00e5gonting man b\u00f6r l\u00e4ra s\u00e5v\u00e4l varje katt, som varje hund. Och vi, som klinikens personal g\u00f6r f\u00f6r v\u00e5r del v\u00e5rt b\u00e4sta f\u00f6r att ert bes\u00f6k hos oss ska vara riktigt trevligt och tryggt.<\/p>\n<p>Ibland kan ditt keldjur ha s\u00e5 sv\u00e5ra sm\u00e4rtor, att det \u00e4r om\u00f6jligt att unders\u00f6ka det utan l\u00e4tt sedering. (se Sedering av djurpatienten och anestesi). Viljestarka keldjur och keldjur som \u00e4r ovana vid hantering bel\u00e4ggs med noskorg under tiden f\u00f6r ingreppet och behandlingen, s\u00e5 att unders\u00f6kningarna kan genomf\u00f6ras tryggt och tillr\u00e4ckligt grundligt. Vanligtvis \u00e4r det nog \u00e4nd\u00e5 s\u00e5, att du som djurets \u00e4gare sist och slutligen \u00e4r mer nerv\u00f6s f\u00f6r hela unders\u00f6kningssituationen \u00e4n patienten sj\u00e4lv.<br \/>\nVi f\u00f6rs\u00f6ker hela tiden h\u00e5lla dig uppdaterad om vad vi g\u00f6r och varf\u00f6r, men ber\u00e4tta f\u00f6r oss, och fr\u00e5ga f\u00f6r all del, om allt det du funderar p\u00e5. N\u00e5gra dumma fr\u00e5gor existerar \u00f6verhuvudtaget inte och ibland kan en sak som k\u00e4nns obetydlig vara till stor hj\u00e4lp f\u00f6r att utreda orsaken till djurets symtom eller fastst\u00e4lla den b\u00e4st l\u00e4mpade behandlingsmetoden.<\/p>\n<p><img loading=\"lazy\" decoding=\"async\" class=\"wp-image-7 alignleft\" src=\"https:\/\/koirakissaklinikka.fi\/wp-content\/uploads\/2016\/07\/elainlaakari-180x300.jpg\" alt=\"elainlaakari\" width=\"133\" height=\"222\" srcset=\"https:\/\/koirakissaklinikka.fi\/wp-content\/uploads\/2016\/07\/elainlaakari-180x300.jpg 180w, https:\/\/koirakissaklinikka.fi\/wp-content\/uploads\/2016\/07\/elainlaakari.jpg 300w\" sizes=\"auto, (max-width: 133px) 100vw, 133px\" \/><img loading=\"lazy\" decoding=\"async\" class=\"size-medium wp-image-6 alignleft\" src=\"https:\/\/koirakissaklinikka.fi\/wp-content\/uploads\/2016\/07\/Polihuone-300x225.jpg\" alt=\"Polihuone\" width=\"300\" height=\"225\" srcset=\"https:\/\/koirakissaklinikka.fi\/wp-content\/uploads\/2016\/07\/Polihuone-300x225.jpg 300w, https:\/\/koirakissaklinikka.fi\/wp-content\/uploads\/2016\/07\/Polihuone-510x383.jpg 510w, https:\/\/koirakissaklinikka.fi\/wp-content\/uploads\/2016\/07\/Polihuone-768x576.jpg 768w, https:\/\/koirakissaklinikka.fi\/wp-content\/uploads\/2016\/07\/Polihuone-1024x768.jpg 1024w, https:\/\/koirakissaklinikka.fi\/wp-content\/uploads\/2016\/07\/Polihuone-1200x900.jpg 1200w, https:\/\/koirakissaklinikka.fi\/wp-content\/uploads\/2016\/07\/Polihuone.jpg 1632w\" sizes=\"auto, (max-width: 300px) 100vw, 300px\" \/><\/p>\n<p>&nbsp;<\/p>\n","protected":false},"excerpt":{"rendered":"<p>V\u00e5r klinik fungerar enligt tidsbokningsprincip. Vi betj\u00e4nar fr\u00e5n m\u00e5ndag till torsdag fredag och varannan helg (se [&hellip;]<\/p>\n","protected":false},"author":3,"featured_media":524,"parent":0,"menu_order":0,"comment_status":"closed","ping_status":"closed","template":"","meta":{"_acf_changed":false,"footnotes":""},"class_list":["post-517","page","type-page","status-publish","has-post-thumbnail","hentry"],"acf":[],"yoast_head":"<!-- This site is optimized with the Yoast SEO plugin v26.6 - https:\/\/yoast.com\/wordpress\/plugins\/seo\/ -->\n<title>V\u00e4lkommen till mottagningen! - Koirakissaklinikka El\u00e4inl\u00e4\u00e4k\u00e4riasema Turussa<\/title>\n<meta name=\"robots\" content=\"index, follow, max-snippet:-1, max-image-preview:large, max-video-preview:-1\" \/>\n<link rel=\"canonical\" href=\"https:\/\/koirakissaklinikka.fi\/sv\/valkommen-till-mottagningen\" \/>\n<meta property=\"og:locale\" content=\"sv_SE\" \/>\n<meta property=\"og:type\" content=\"article\" \/>\n<meta property=\"og:title\" content=\"V\u00e4lkommen till mottagningen! - Koirakissaklinikka El\u00e4inl\u00e4\u00e4k\u00e4riasema Turussa\" \/>\n<meta property=\"og:description\" content=\"V\u00e5r klinik fungerar enligt tidsbokningsprincip. Vi betj\u00e4nar fr\u00e5n m\u00e5ndag till torsdag fredag och varannan helg (se [&hellip;]\" \/>\n<meta property=\"og:url\" content=\"https:\/\/koirakissaklinikka.fi\/sv\/valkommen-till-mottagningen\" \/>\n<meta property=\"og:site_name\" content=\"Koirakissaklinikka El\u00e4inl\u00e4\u00e4k\u00e4riasema Turussa\" \/>\n<meta property=\"article:modified_time\" content=\"2016-12-18T11:45:37+00:00\" \/>\n<meta property=\"og:image\" content=\"https:\/\/koirakissaklinikka.fi\/wp-content\/uploads\/2016\/07\/tervetuloavastotolle.jpg\" \/>\n\t<meta property=\"og:image:width\" content=\"600\" \/>\n\t<meta property=\"og:image:height\" content=\"100\" \/>\n\t<meta property=\"og:image:type\" content=\"image\/jpeg\" \/>\n<meta name=\"twitter:card\" content=\"summary_large_image\" \/>\n<meta name=\"twitter:label1\" content=\"Ber\u00e4knad l\u00e4stid\" \/>\n\t<meta name=\"twitter:data1\" content=\"5 minutes\" \/>\n<script type=\"application\/ld+json\" class=\"yoast-schema-graph\">{\"@context\":\"https:\/\/schema.org\",\"@graph\":[{\"@type\":\"WebPage\",\"@id\":\"https:\/\/koirakissaklinikka.fi\/sv\/valkommen-till-mottagningen\",\"url\":\"https:\/\/koirakissaklinikka.fi\/sv\/valkommen-till-mottagningen\",\"name\":\"V\u00e4lkommen till mottagningen! - Koirakissaklinikka El\u00e4inl\u00e4\u00e4k\u00e4riasema Turussa\",\"isPartOf\":{\"@id\":\"https:\/\/koirakissaklinikka.fi\/#website\"},\"primaryImageOfPage\":{\"@id\":\"https:\/\/koirakissaklinikka.fi\/sv\/valkommen-till-mottagningen#primaryimage\"},\"image\":{\"@id\":\"https:\/\/koirakissaklinikka.fi\/sv\/valkommen-till-mottagningen#primaryimage\"},\"thumbnailUrl\":\"https:\/\/koirakissaklinikka.fi\/wp-content\/uploads\/2016\/07\/tervetuloavastotolle.jpg\",\"datePublished\":\"2016-07-14T12:14:07+00:00\",\"dateModified\":\"2016-12-18T11:45:37+00:00\",\"breadcrumb\":{\"@id\":\"https:\/\/koirakissaklinikka.fi\/sv\/valkommen-till-mottagningen#breadcrumb\"},\"inLanguage\":\"sv-SE\",\"potentialAction\":[{\"@type\":\"ReadAction\",\"target\":[\"https:\/\/koirakissaklinikka.fi\/sv\/valkommen-till-mottagningen\"]}]},{\"@type\":\"ImageObject\",\"inLanguage\":\"sv-SE\",\"@id\":\"https:\/\/koirakissaklinikka.fi\/sv\/valkommen-till-mottagningen#primaryimage\",\"url\":\"https:\/\/koirakissaklinikka.fi\/wp-content\/uploads\/2016\/07\/tervetuloavastotolle.jpg\",\"contentUrl\":\"https:\/\/koirakissaklinikka.fi\/wp-content\/uploads\/2016\/07\/tervetuloavastotolle.jpg\",\"width\":600,\"height\":100},{\"@type\":\"BreadcrumbList\",\"@id\":\"https:\/\/koirakissaklinikka.fi\/sv\/valkommen-till-mottagningen#breadcrumb\",\"itemListElement\":[{\"@type\":\"ListItem\",\"position\":1,\"name\":\"Etusivu\",\"item\":\"https:\/\/koirakissaklinikka.fi\/sv\"},{\"@type\":\"ListItem\",\"position\":2,\"name\":\"V\u00e4lkommen till mottagningen!\"}]},{\"@type\":\"WebSite\",\"@id\":\"https:\/\/koirakissaklinikka.fi\/#website\",\"url\":\"https:\/\/koirakissaklinikka.fi\/\",\"name\":\"Koirakissaklinikka\",\"description\":\"Ihan uusi WordPress-sivusto\",\"publisher\":{\"@id\":\"https:\/\/koirakissaklinikka.fi\/#organization\"},\"potentialAction\":[{\"@type\":\"SearchAction\",\"target\":{\"@type\":\"EntryPoint\",\"urlTemplate\":\"https:\/\/koirakissaklinikka.fi\/?s={search_term_string}\"},\"query-input\":{\"@type\":\"PropertyValueSpecification\",\"valueRequired\":true,\"valueName\":\"search_term_string\"}}],\"inLanguage\":\"sv-SE\"},{\"@type\":\"Organization\",\"@id\":\"https:\/\/koirakissaklinikka.fi\/#organization\",\"name\":\"Koira-Kissaklinikka\",\"url\":\"https:\/\/koirakissaklinikka.fi\/\",\"logo\":{\"@type\":\"ImageObject\",\"inLanguage\":\"sv-SE\",\"@id\":\"https:\/\/koirakissaklinikka.fi\/#\/schema\/logo\/image\/\",\"url\":\"https:\/\/koirakissaklinikka.fi\/wp-content\/uploads\/2023\/09\/KKKlogo.jpg\",\"contentUrl\":\"https:\/\/koirakissaklinikka.fi\/wp-content\/uploads\/2023\/09\/KKKlogo.jpg\",\"width\":389,\"height\":287,\"caption\":\"Koira-Kissaklinikka\"},\"image\":{\"@id\":\"https:\/\/koirakissaklinikka.fi\/#\/schema\/logo\/image\/\"}}]}<\/script>\n<!-- \/ Yoast SEO plugin. -->","yoast_head_json":{"title":"V\u00e4lkommen till mottagningen! - Koirakissaklinikka El\u00e4inl\u00e4\u00e4k\u00e4riasema Turussa","robots":{"index":"index","follow":"follow","max-snippet":"max-snippet:-1","max-image-preview":"max-image-preview:large","max-video-preview":"max-video-preview:-1"},"canonical":"https:\/\/koirakissaklinikka.fi\/sv\/valkommen-till-mottagningen","og_locale":"sv_SE","og_type":"article","og_title":"V\u00e4lkommen till mottagningen! - Koirakissaklinikka El\u00e4inl\u00e4\u00e4k\u00e4riasema Turussa","og_description":"V\u00e5r klinik fungerar enligt tidsbokningsprincip. Vi betj\u00e4nar fr\u00e5n m\u00e5ndag till torsdag fredag och varannan helg (se [&hellip;]","og_url":"https:\/\/koirakissaklinikka.fi\/sv\/valkommen-till-mottagningen","og_site_name":"Koirakissaklinikka El\u00e4inl\u00e4\u00e4k\u00e4riasema Turussa","article_modified_time":"2016-12-18T11:45:37+00:00","og_image":[{"width":600,"height":100,"url":"https:\/\/koirakissaklinikka.fi\/wp-content\/uploads\/2016\/07\/tervetuloavastotolle.jpg","type":"image\/jpeg"}],"twitter_card":"summary_large_image","twitter_misc":{"Ber\u00e4knad l\u00e4stid":"5 minutes"},"schema":{"@context":"https:\/\/schema.org","@graph":[{"@type":"WebPage","@id":"https:\/\/koirakissaklinikka.fi\/sv\/valkommen-till-mottagningen","url":"https:\/\/koirakissaklinikka.fi\/sv\/valkommen-till-mottagningen","name":"V\u00e4lkommen till mottagningen! - Koirakissaklinikka El\u00e4inl\u00e4\u00e4k\u00e4riasema Turussa","isPartOf":{"@id":"https:\/\/koirakissaklinikka.fi\/#website"},"primaryImageOfPage":{"@id":"https:\/\/koirakissaklinikka.fi\/sv\/valkommen-till-mottagningen#primaryimage"},"image":{"@id":"https:\/\/koirakissaklinikka.fi\/sv\/valkommen-till-mottagningen#primaryimage"},"thumbnailUrl":"https:\/\/koirakissaklinikka.fi\/wp-content\/uploads\/2016\/07\/tervetuloavastotolle.jpg","datePublished":"2016-07-14T12:14:07+00:00","dateModified":"2016-12-18T11:45:37+00:00","breadcrumb":{"@id":"https:\/\/koirakissaklinikka.fi\/sv\/valkommen-till-mottagningen#breadcrumb"},"inLanguage":"sv-SE","potentialAction":[{"@type":"ReadAction","target":["https:\/\/koirakissaklinikka.fi\/sv\/valkommen-till-mottagningen"]}]},{"@type":"ImageObject","inLanguage":"sv-SE","@id":"https:\/\/koirakissaklinikka.fi\/sv\/valkommen-till-mottagningen#primaryimage","url":"https:\/\/koirakissaklinikka.fi\/wp-content\/uploads\/2016\/07\/tervetuloavastotolle.jpg","contentUrl":"https:\/\/koirakissaklinikka.fi\/wp-content\/uploads\/2016\/07\/tervetuloavastotolle.jpg","width":600,"height":100},{"@type":"BreadcrumbList","@id":"https:\/\/koirakissaklinikka.fi\/sv\/valkommen-till-mottagningen#breadcrumb","itemListElement":[{"@type":"ListItem","position":1,"name":"Etusivu","item":"https:\/\/koirakissaklinikka.fi\/sv"},{"@type":"ListItem","position":2,"name":"V\u00e4lkommen till mottagningen!"}]},{"@type":"WebSite","@id":"https:\/\/koirakissaklinikka.fi\/#website","url":"https:\/\/koirakissaklinikka.fi\/","name":"Koirakissaklinikka","description":"Ihan uusi WordPress-sivusto","publisher":{"@id":"https:\/\/koirakissaklinikka.fi\/#organization"},"potentialAction":[{"@type":"SearchAction","target":{"@type":"EntryPoint","urlTemplate":"https:\/\/koirakissaklinikka.fi\/?s={search_term_string}"},"query-input":{"@type":"PropertyValueSpecification","valueRequired":true,"valueName":"search_term_string"}}],"inLanguage":"sv-SE"},{"@type":"Organization","@id":"https:\/\/koirakissaklinikka.fi\/#organization","name":"Koira-Kissaklinikka","url":"https:\/\/koirakissaklinikka.fi\/","logo":{"@type":"ImageObject","inLanguage":"sv-SE","@id":"https:\/\/koirakissaklinikka.fi\/#\/schema\/logo\/image\/","url":"https:\/\/koirakissaklinikka.fi\/wp-content\/uploads\/2023\/09\/KKKlogo.jpg","contentUrl":"https:\/\/koirakissaklinikka.fi\/wp-content\/uploads\/2023\/09\/KKKlogo.jpg","width":389,"height":287,"caption":"Koira-Kissaklinikka"},"image":{"@id":"https:\/\/koirakissaklinikka.fi\/#\/schema\/logo\/image\/"}}]}},"_links":{"self":[{"href":"https:\/\/koirakissaklinikka.fi\/sv\/wp-json\/wp\/v2\/pages\/517","targetHints":{"allow":["GET"]}}],"collection":[{"href":"https:\/\/koirakissaklinikka.fi\/sv\/wp-json\/wp\/v2\/pages"}],"about":[{"href":"https:\/\/koirakissaklinikka.fi\/sv\/wp-json\/wp\/v2\/types\/page"}],"author":[{"embeddable":true,"href":"https:\/\/koirakissaklinikka.fi\/sv\/wp-json\/wp\/v2\/users\/3"}],"replies":[{"embeddable":true,"href":"https:\/\/koirakissaklinikka.fi\/sv\/wp-json\/wp\/v2\/comments?post=517"}],"version-history":[{"count":4,"href":"https:\/\/koirakissaklinikka.fi\/sv\/wp-json\/wp\/v2\/pages\/517\/revisions"}],"predecessor-version":[{"id":526,"href":"https:\/\/koirakissaklinikka.fi\/sv\/wp-json\/wp\/v2\/pages\/517\/revisions\/526"}],"wp:featuredmedia":[{"embeddable":true,"href":"https:\/\/koirakissaklinikka.fi\/sv\/wp-json\/wp\/v2\/media\/524"}],"wp:attachment":[{"href":"https:\/\/koirakissaklinikka.fi\/sv\/wp-json\/wp\/v2\/media?parent=517"}],"curies":[{"name":"wp","href":"https:\/\/api.w.org\/{rel}","templated":true}]}}