{"id":521,"date":"2016-07-14T15:16:52","date_gmt":"2016-07-14T12:16:52","guid":{"rendered":"https:\/\/koirakissaklinikka.fi\/?page_id=521&#038;lang=sv"},"modified":"2021-06-09T08:46:24","modified_gmt":"2021-06-09T05:46:24","slug":"kontakt-2","status":"publish","type":"page","link":"https:\/\/koirakissaklinikka.fi\/sv\/kontakt-2","title":{"rendered":"Kontakt"},"content":{"rendered":"<h2>V\u00e4lkommen till Hund-Kattkliniken!<\/h2>\n<h2><img loading=\"lazy\" decoding=\"async\" class=\"size-large wp-image-485 alignnone\" src=\"https:\/\/koirakissaklinikka.fi\/wp-content\/uploads\/2016\/07\/Klinikka-edest-1024x683.jpg\" alt=\"Klinikka edest\" width=\"840\" height=\"560\" \/><\/h2>\n<p>V\u00e5r klinik \u00e4r bel\u00e4gen i Skogsbacka, \u00c5bo och v\u00e5ra \u00f6ppenh\u00e5llningstider \u00e4r f\u00f6ljande:<\/p>\n<ul>\n<li>m\u00e5n &#8211; tors kl. 8-20<\/li>\n<li>fredag kl. 8-19<\/li>\n<li>l\u00f6rdag jour med tidsbest\u00e4llning kl. 9-17<\/li>\n<\/ul>\n<p>V\u00e5r adress \u00e4r:\u2028 Travleden 45 (Gamla Tammerforsv\u00e4gen 233), 20380 \u00c5bo<\/p>\n<p><img loading=\"lazy\" decoding=\"async\" class=\"alignright size-full wp-image-519\" src=\"https:\/\/koirakissaklinikka.fi\/wp-content\/uploads\/2016\/07\/welcome.jpg\" alt=\"welcome\" width=\"400\" height=\"400\" srcset=\"https:\/\/koirakissaklinikka.fi\/wp-content\/uploads\/2016\/07\/welcome.jpg 400w, https:\/\/koirakissaklinikka.fi\/wp-content\/uploads\/2016\/07\/welcome-100x100.jpg 100w, https:\/\/koirakissaklinikka.fi\/wp-content\/uploads\/2016\/07\/welcome-150x150.jpg 150w, https:\/\/koirakissaklinikka.fi\/wp-content\/uploads\/2016\/07\/welcome-300x300.jpg 300w\" sizes=\"auto, (max-width: 400px) 100vw, 400px\" \/>TIDSBOKNING<br \/>\nV\u00e5r klinik betj\u00e4nar dig och din b\u00e4sta v\u00e4n med tidsbokning,<br \/>\nboka tid p\u00e5 numret: 02 276 1999.<\/p>\n<p>V\u00e5r e-postadress hittar du under l\u00e4nken Personal. Tyv\u00e4rr kan vi inte ta emot tidsbokningar per e-post p\u00e5 grund av tidsbrist. Om du \u00e4r tvungen att avboka en redan reserverad tid, g\u00f6r inte heller det per e-post eftersom vi ofta hinner kolla e-posten endast en g\u00e5ng om dagen.<\/p>\n<p>Till v\u00e5ra n\u00e4ttj\u00e4nster h\u00f6r diskussionsforumet Klinikkaklubi som \u00e4r inriktat p\u00e5 veterin\u00e4rmedicin. Du kan delta i diskussionen <a href=\"http:\/\/www.lemmikkipalstat.net\/cgi-bin\/palsta\/forumdisplay.cgi?ohje=aiheet&amp;forum=Klinikkaklubi&amp;number=1&amp;DaysPrune=20\">h\u00e4r<\/a> (p\u00e5 finska).<\/p>\n<p>Bekanta dig med Hund-Kattklinikens <a href=\"https:\/\/www.facebook.com\/KoiraKissaKlinikka\">Facebook-sidor<\/a>!<\/p>\n","protected":false},"excerpt":{"rendered":"<p>V\u00e4lkommen till Hund-Kattkliniken! V\u00e5r klinik \u00e4r bel\u00e4gen i Skogsbacka, \u00c5bo och v\u00e5ra \u00f6ppenh\u00e5llningstider \u00e4r f\u00f6ljande: m\u00e5n [&hellip;]<\/p>\n","protected":false},"author":3,"featured_media":485,"parent":0,"menu_order":0,"comment_status":"closed","ping_status":"closed","template":"","meta":{"_acf_changed":false,"footnotes":""},"class_list":["post-521","page","type-page","status-publish","has-post-thumbnail","hentry"],"acf":[],"yoast_head":"<!-- This site is optimized with the Yoast SEO plugin v26.6 - https:\/\/yoast.com\/wordpress\/plugins\/seo\/ -->\n<title>Kontakt - Koirakissaklinikka El\u00e4inl\u00e4\u00e4k\u00e4riasema Turussa<\/title>\n<meta name=\"robots\" content=\"index, follow, max-snippet:-1, max-image-preview:large, max-video-preview:-1\" \/>\n<link rel=\"canonical\" href=\"https:\/\/koirakissaklinikka.fi\/sv\/kontakt-2\" \/>\n<meta property=\"og:locale\" content=\"sv_SE\" \/>\n<meta property=\"og:type\" content=\"article\" \/>\n<meta property=\"og:title\" content=\"Kontakt - Koirakissaklinikka El\u00e4inl\u00e4\u00e4k\u00e4riasema Turussa\" \/>\n<meta property=\"og:description\" content=\"V\u00e4lkommen till Hund-Kattkliniken! V\u00e5r klinik \u00e4r bel\u00e4gen i Skogsbacka, \u00c5bo och v\u00e5ra \u00f6ppenh\u00e5llningstider \u00e4r f\u00f6ljande: m\u00e5n [&hellip;]\" \/>\n<meta property=\"og:url\" content=\"https:\/\/koirakissaklinikka.fi\/sv\/kontakt-2\" \/>\n<meta property=\"og:site_name\" content=\"Koirakissaklinikka El\u00e4inl\u00e4\u00e4k\u00e4riasema Turussa\" \/>\n<meta property=\"article:modified_time\" content=\"2021-06-09T05:46:24+00:00\" \/>\n<meta property=\"og:image\" content=\"https:\/\/koirakissaklinikka.fi\/wp-content\/uploads\/2016\/07\/Klinikka-edest-e1479821756915.jpg\" \/>\n\t<meta property=\"og:image:width\" content=\"1429\" \/>\n\t<meta property=\"og:image:height\" content=\"759\" \/>\n\t<meta property=\"og:image:type\" content=\"image\/jpeg\" \/>\n<meta name=\"twitter:card\" content=\"summary_large_image\" \/>\n<meta name=\"twitter:label1\" content=\"Ber\u00e4knad l\u00e4stid\" \/>\n\t<meta name=\"twitter:data1\" content=\"1 minute\" \/>\n<script type=\"application\/ld+json\" class=\"yoast-schema-graph\">{\"@context\":\"https:\/\/schema.org\",\"@graph\":[{\"@type\":\"WebPage\",\"@id\":\"https:\/\/koirakissaklinikka.fi\/sv\/kontakt-2\",\"url\":\"https:\/\/koirakissaklinikka.fi\/sv\/kontakt-2\",\"name\":\"Kontakt - Koirakissaklinikka El\u00e4inl\u00e4\u00e4k\u00e4riasema Turussa\",\"isPartOf\":{\"@id\":\"https:\/\/koirakissaklinikka.fi\/#website\"},\"primaryImageOfPage\":{\"@id\":\"https:\/\/koirakissaklinikka.fi\/sv\/kontakt-2#primaryimage\"},\"image\":{\"@id\":\"https:\/\/koirakissaklinikka.fi\/sv\/kontakt-2#primaryimage\"},\"thumbnailUrl\":\"https:\/\/koirakissaklinikka.fi\/wp-content\/uploads\/2016\/07\/Klinikka-edest-e1479821756915.jpg\",\"datePublished\":\"2016-07-14T12:16:52+00:00\",\"dateModified\":\"2021-06-09T05:46:24+00:00\",\"breadcrumb\":{\"@id\":\"https:\/\/koirakissaklinikka.fi\/sv\/kontakt-2#breadcrumb\"},\"inLanguage\":\"sv-SE\",\"potentialAction\":[{\"@type\":\"ReadAction\",\"target\":[\"https:\/\/koirakissaklinikka.fi\/sv\/kontakt-2\"]}]},{\"@type\":\"ImageObject\",\"inLanguage\":\"sv-SE\",\"@id\":\"https:\/\/koirakissaklinikka.fi\/sv\/kontakt-2#primaryimage\",\"url\":\"https:\/\/koirakissaklinikka.fi\/wp-content\/uploads\/2016\/07\/Klinikka-edest-e1479821756915.jpg\",\"contentUrl\":\"https:\/\/koirakissaklinikka.fi\/wp-content\/uploads\/2016\/07\/Klinikka-edest-e1479821756915.jpg\",\"width\":1429,\"height\":759},{\"@type\":\"BreadcrumbList\",\"@id\":\"https:\/\/koirakissaklinikka.fi\/sv\/kontakt-2#breadcrumb\",\"itemListElement\":[{\"@type\":\"ListItem\",\"position\":1,\"name\":\"Etusivu\",\"item\":\"https:\/\/koirakissaklinikka.fi\/sv\"},{\"@type\":\"ListItem\",\"position\":2,\"name\":\"Kontakt\"}]},{\"@type\":\"WebSite\",\"@id\":\"https:\/\/koirakissaklinikka.fi\/#website\",\"url\":\"https:\/\/koirakissaklinikka.fi\/\",\"name\":\"Koirakissaklinikka\",\"description\":\"Ihan uusi WordPress-sivusto\",\"publisher\":{\"@id\":\"https:\/\/koirakissaklinikka.fi\/#organization\"},\"potentialAction\":[{\"@type\":\"SearchAction\",\"target\":{\"@type\":\"EntryPoint\",\"urlTemplate\":\"https:\/\/koirakissaklinikka.fi\/?s={search_term_string}\"},\"query-input\":{\"@type\":\"PropertyValueSpecification\",\"valueRequired\":true,\"valueName\":\"search_term_string\"}}],\"inLanguage\":\"sv-SE\"},{\"@type\":\"Organization\",\"@id\":\"https:\/\/koirakissaklinikka.fi\/#organization\",\"name\":\"Koira-Kissaklinikka\",\"url\":\"https:\/\/koirakissaklinikka.fi\/\",\"logo\":{\"@type\":\"ImageObject\",\"inLanguage\":\"sv-SE\",\"@id\":\"https:\/\/koirakissaklinikka.fi\/#\/schema\/logo\/image\/\",\"url\":\"https:\/\/koirakissaklinikka.fi\/wp-content\/uploads\/2023\/09\/KKKlogo.jpg\",\"contentUrl\":\"https:\/\/koirakissaklinikka.fi\/wp-content\/uploads\/2023\/09\/KKKlogo.jpg\",\"width\":389,\"height\":287,\"caption\":\"Koira-Kissaklinikka\"},\"image\":{\"@id\":\"https:\/\/koirakissaklinikka.fi\/#\/schema\/logo\/image\/\"}}]}<\/script>\n<!-- \/ Yoast SEO plugin. -->","yoast_head_json":{"title":"Kontakt - Koirakissaklinikka El\u00e4inl\u00e4\u00e4k\u00e4riasema Turussa","robots":{"index":"index","follow":"follow","max-snippet":"max-snippet:-1","max-image-preview":"max-image-preview:large","max-video-preview":"max-video-preview:-1"},"canonical":"https:\/\/koirakissaklinikka.fi\/sv\/kontakt-2","og_locale":"sv_SE","og_type":"article","og_title":"Kontakt - Koirakissaklinikka El\u00e4inl\u00e4\u00e4k\u00e4riasema Turussa","og_description":"V\u00e4lkommen till Hund-Kattkliniken! V\u00e5r klinik \u00e4r bel\u00e4gen i Skogsbacka, \u00c5bo och v\u00e5ra \u00f6ppenh\u00e5llningstider \u00e4r f\u00f6ljande: m\u00e5n [&hellip;]","og_url":"https:\/\/koirakissaklinikka.fi\/sv\/kontakt-2","og_site_name":"Koirakissaklinikka El\u00e4inl\u00e4\u00e4k\u00e4riasema Turussa","article_modified_time":"2021-06-09T05:46:24+00:00","og_image":[{"width":1429,"height":759,"url":"https:\/\/koirakissaklinikka.fi\/wp-content\/uploads\/2016\/07\/Klinikka-edest-e1479821756915.jpg","type":"image\/jpeg"}],"twitter_card":"summary_large_image","twitter_misc":{"Ber\u00e4knad l\u00e4stid":"1 minute"},"schema":{"@context":"https:\/\/schema.org","@graph":[{"@type":"WebPage","@id":"https:\/\/koirakissaklinikka.fi\/sv\/kontakt-2","url":"https:\/\/koirakissaklinikka.fi\/sv\/kontakt-2","name":"Kontakt - Koirakissaklinikka El\u00e4inl\u00e4\u00e4k\u00e4riasema Turussa","isPartOf":{"@id":"https:\/\/koirakissaklinikka.fi\/#website"},"primaryImageOfPage":{"@id":"https:\/\/koirakissaklinikka.fi\/sv\/kontakt-2#primaryimage"},"image":{"@id":"https:\/\/koirakissaklinikka.fi\/sv\/kontakt-2#primaryimage"},"thumbnailUrl":"https:\/\/koirakissaklinikka.fi\/wp-content\/uploads\/2016\/07\/Klinikka-edest-e1479821756915.jpg","datePublished":"2016-07-14T12:16:52+00:00","dateModified":"2021-06-09T05:46:24+00:00","breadcrumb":{"@id":"https:\/\/koirakissaklinikka.fi\/sv\/kontakt-2#breadcrumb"},"inLanguage":"sv-SE","potentialAction":[{"@type":"ReadAction","target":["https:\/\/koirakissaklinikka.fi\/sv\/kontakt-2"]}]},{"@type":"ImageObject","inLanguage":"sv-SE","@id":"https:\/\/koirakissaklinikka.fi\/sv\/kontakt-2#primaryimage","url":"https:\/\/koirakissaklinikka.fi\/wp-content\/uploads\/2016\/07\/Klinikka-edest-e1479821756915.jpg","contentUrl":"https:\/\/koirakissaklinikka.fi\/wp-content\/uploads\/2016\/07\/Klinikka-edest-e1479821756915.jpg","width":1429,"height":759},{"@type":"BreadcrumbList","@id":"https:\/\/koirakissaklinikka.fi\/sv\/kontakt-2#breadcrumb","itemListElement":[{"@type":"ListItem","position":1,"name":"Etusivu","item":"https:\/\/koirakissaklinikka.fi\/sv"},{"@type":"ListItem","position":2,"name":"Kontakt"}]},{"@type":"WebSite","@id":"https:\/\/koirakissaklinikka.fi\/#website","url":"https:\/\/koirakissaklinikka.fi\/","name":"Koirakissaklinikka","description":"Ihan uusi WordPress-sivusto","publisher":{"@id":"https:\/\/koirakissaklinikka.fi\/#organization"},"potentialAction":[{"@type":"SearchAction","target":{"@type":"EntryPoint","urlTemplate":"https:\/\/koirakissaklinikka.fi\/?s={search_term_string}"},"query-input":{"@type":"PropertyValueSpecification","valueRequired":true,"valueName":"search_term_string"}}],"inLanguage":"sv-SE"},{"@type":"Organization","@id":"https:\/\/koirakissaklinikka.fi\/#organization","name":"Koira-Kissaklinikka","url":"https:\/\/koirakissaklinikka.fi\/","logo":{"@type":"ImageObject","inLanguage":"sv-SE","@id":"https:\/\/koirakissaklinikka.fi\/#\/schema\/logo\/image\/","url":"https:\/\/koirakissaklinikka.fi\/wp-content\/uploads\/2023\/09\/KKKlogo.jpg","contentUrl":"https:\/\/koirakissaklinikka.fi\/wp-content\/uploads\/2023\/09\/KKKlogo.jpg","width":389,"height":287,"caption":"Koira-Kissaklinikka"},"image":{"@id":"https:\/\/koirakissaklinikka.fi\/#\/schema\/logo\/image\/"}}]}},"_links":{"self":[{"href":"https:\/\/koirakissaklinikka.fi\/sv\/wp-json\/wp\/v2\/pages\/521","targetHints":{"allow":["GET"]}}],"collection":[{"href":"https:\/\/koirakissaklinikka.fi\/sv\/wp-json\/wp\/v2\/pages"}],"about":[{"href":"https:\/\/koirakissaklinikka.fi\/sv\/wp-json\/wp\/v2\/types\/page"}],"author":[{"embeddable":true,"href":"https:\/\/koirakissaklinikka.fi\/sv\/wp-json\/wp\/v2\/users\/3"}],"replies":[{"embeddable":true,"href":"https:\/\/koirakissaklinikka.fi\/sv\/wp-json\/wp\/v2\/comments?post=521"}],"version-history":[{"count":3,"href":"https:\/\/koirakissaklinikka.fi\/sv\/wp-json\/wp\/v2\/pages\/521\/revisions"}],"predecessor-version":[{"id":2988,"href":"https:\/\/koirakissaklinikka.fi\/sv\/wp-json\/wp\/v2\/pages\/521\/revisions\/2988"}],"wp:featuredmedia":[{"embeddable":true,"href":"https:\/\/koirakissaklinikka.fi\/sv\/wp-json\/wp\/v2\/media\/485"}],"wp:attachment":[{"href":"https:\/\/koirakissaklinikka.fi\/sv\/wp-json\/wp\/v2\/media?parent=521"}],"curies":[{"name":"wp","href":"https:\/\/api.w.org\/{rel}","templated":true}]}}