{"id":536,"date":"2016-07-14T15:58:37","date_gmt":"2016-07-14T12:58:37","guid":{"rendered":"https:\/\/koirakissaklinikka.fi\/?page_id=536&#038;lang=sv"},"modified":"2016-12-18T13:21:05","modified_gmt":"2016-12-18T11:21:05","slug":"klinikens-historia","status":"publish","type":"page","link":"https:\/\/koirakissaklinikka.fi\/sv\/klinikens-historia","title":{"rendered":"Klinikens historia"},"content":{"rendered":"<h2><img loading=\"lazy\" decoding=\"async\" class=\"alignnone size-medium wp-image-488\" src=\"https:\/\/koirakissaklinikka.fi\/wp-content\/uploads\/2016\/07\/koira-kissaklinikka-logo-300x200.png\" alt=\"koira-kissaklinikka-logo\" width=\"300\" height=\"200\" \/><\/h2>\n<h2>Spiraltrappor st\u00e4ller till besv\u00e4r&#8230;<\/h2>\n<p>Hund-Kattkliniken grundades av veterin\u00e4rerna Martti Haasto och Folke Perander \u00e5r 1972. Mottagningen \u00f6ppnades p\u00e5 Fredsgatan 17. Ett rum l\u00e5g p\u00e5 gatuniv\u00e5 och ett annat p\u00e5 f\u00f6rsta v\u00e5ningen. Mellan v\u00e4ningarna gick en spiraltrappor, som tidvis gav s\u00e5v\u00e4l djurpatienter, deras \u00e4gare och personalen gr\u00e5a h\u00e5r. En katt \u00e4r l\u00e4tt att f\u00e5 upp f\u00f6r trapporna genom att h\u00e5lla den i famnen, men d\u00e5 en 50 kg tung skadad hund anl\u00e4nde till mottagningen beh\u00f6vde man ta till andra knep f\u00f6r att ta sig upp till f\u00f6rsta v\u00e5ningen. Hela personalen deltog i att b\u00e4ra upp ett kjeldjur som meds\u00f6vt. Det k\u00e4ndes lite som att f\u00f6rs\u00f6ka b\u00e4ra en fyrapersoners levande soffa uppf\u00f6r spiraltrapporna\u2026Fru Haasto fungerade som mottagningsassistent och patienterna kom bokstavligen in rakt fr\u00e5n gatan, utan tidsbokning. I vestibulen var det st\u00e4llvis alldeles \u00f6de, tomt och tyst. Sedan ramlade pl\u00f6tsligt en hel hundflock in, vars \u00e4gare hade best\u00e4mt sig f\u00f6r att nu skulle allt f\u00e5s i skick, vaccinationer och \u00f6ronproblem. P\u00e5 samma g\u00e5ng seglade en kattmamma in med sin \u00e4gare, och i precis samma stund best\u00e4mde sig \u00e4ven Mustis \u00e4gare i grannhuset att testa, vem som egentligen har f\u00f6rk\u00f6rsr\u00e4tt i h\u00f6rnet vid Mikaelskyrkan. Den med st\u00f6rre d\u00e4ck under sig, eller den med ringlad svans? Den med d\u00e4ck hade vunnit och Mustis ben m\u00e5ste opereras\u2026<\/p>\n<h2>Fr\u00e5n h\u00f6gskolans korridorer tillsammans till Teijo&#8230;<\/h2>\n<p>Jyri utexaminerades fr\u00e5n veterin\u00e4rmedicinska \u00e5r 1981 och Eva ett \u00e5r senare. \u00c5ret d\u00e4refter grundades Djursjukhus Anivet (1983), i Teijo i Bj\u00e4rn\u00e5, d\u00e4r b\u00e5de Jyri Koponen och Eva Einola-Koponen arbetade som veterin\u00e4rer. Redan fr\u00e5n b\u00f6rjan var transporten av det h\u00e4stbetonade klientelet till mottagningen i Teijo n\u00e5got besv\u00e4rlig och efter ett par \u00e5r flyttade Anivet sin patientkrets till Raadelma i Pikis. Och Eva blev ny \u00e4garf\u00f6retagare f\u00f6r Hund-Kattkliniken i \u00c5bo. Den f\u00f6rsta april (1.4.1985) inleddes st\u00e4dningen och upprustningen av den egna kliniken. Fr\u00e5n b\u00f6rjan fanns bara Eva p\u00e5 kliniken, och vid behov Jyri som kom fr\u00e5n Raadelma f\u00f6r att hj\u00e4lpa till, senare \u00e4ven en halvtidsanst\u00e4lld mottagningsassistent. Kliniken \u00f6ppnade kl. 13 och d\u00f6rrarna st\u00e4ngdes d\u00e5 den sista patienten hade \u00e5kt hem, med andra ord ibland ocks\u00e5 v\u00e4ldigt sent p\u00e5 natten.<br \/>\nMottagningen fortsatte p\u00e5 samma vis som tidigare utan tidsbokning och dagarna, kv\u00e4llarna och n\u00e4tterna var fulla av \u00f6verraskningar. \u00c4ven den egna familjen hade ut\u00f6kats. Dottern Johanna f\u00f6ddes 1984 och vande sig v\u00e4ldigt snabbt vid att sova dagss\u00f6mn p\u00e5 de mest underliga st\u00e4llen och i de mest underliga situationer, och hon sov som en stock! Ett par \u00e5r senare gav Johanna alla dem som den g\u00e5ngen bes\u00f6kte kliniken ett alldeles s\u00e4kert of\u00f6rgl\u00f6mligt veterin\u00e4rbes\u00f6k. Johanna kom direkt fr\u00e5n skolan till kliniken, ropade hej till sin mamma s\u00e5 fort hon kom in genom d\u00f6rren och fr\u00e5gade med sin klara barnr\u00f6st som den mest naturliga sak i v\u00e4rlden: \u201dHar n\u00e5n d\u00f6tt idag?\u201d Som tur fanns det inte den g\u00e5ngen n\u00e5gon i detta \u00e4rende p\u00e5 kliniken och efter en stunds f\u00f6rvirrad tystnad, var det ingen som kunde sluta skratta!<\/p>\n<h2>Till Untolagatan 1986&#8230;<\/h2>\n<p>D\u00e5 man flyttade till Untolagatan slapp man spiraltrapporna. P\u00e5 kliniken arbetade nu, f\u00f6rutom Eva, redan \u00e4ven en annan veterin\u00e4r och tv\u00e5 assitenter p\u00e5 heltid. H\u00e4r b\u00f6rjade man \u00e4ven v\u00e4nja sig vid principen om tidsbokning. Nu kunde man promenera in p\u00e5 kliniken fr\u00e5n gatan enbart kv\u00e4llstid, efter kl. 16. Och under den livligaste tiden, d\u00e4r kring kl. 20, var v\u00e4ntrummet som ett m\u00f6tesrum f\u00f6r hund- och kattm\u00e4nniskors diskussionsklubb. Kunderna visste om att det l\u00f6nade sig att komma med den inst\u00e4llningen, att man blev tvungen att v\u00e4nta. Att utbyta alla m\u00f6jliga slags erfarenheter och nyheter med andra som v\u00e4ntade p\u00e5 sin tur var en del av hela veterin\u00e4rbes\u00f6ket. I \u00c5bo fanns p\u00e5 den tiden, ut\u00f6ver stadsveterin\u00e4ren, 3-4 sm\u00e5djursmottagningar och patienterna var i huvudsak hundar och katter. Av olika exotiska keldjur fanns i hela landet endast enstaka exemplar och de utgjorde en mycket mindre andel av klinikens patienter \u00e4n vad de g\u00f6r idag. Oftast r\u00f6rde det sig om olika slags grundl\u00e4ggande medicinska behandlingar av keldjur, ibland fanns \u00e4ven olika kirurgiska ingrepp med i bilden fr\u00e5n b\u00f6rjan. Man operarade inom ett sn\u00e4vare omr\u00e5de \u00e4n vad man g\u00f6r idag. Det fanns olika \u201dgrundoperationer\u201d, kastrerings- och steriliseringsoperationer, kejsarsnitt och patienter med frakturskador. D\u00e5 man tittar i tidsbokningen f\u00f6r operationssalen idag utg\u00f6r dessa grundl\u00e4ggande operationer kanske h\u00e4lften av alla operationer. Operationer av det andra slaget f\u00f6rekom tidigare n\u00e4stan inte alls, s\u00e5som \u00f6gon- och tandoperationer, operationer av inre organ, h\u00f6ftoperationer etc. Veterin\u00e4rmedicinska metoder och behandlingsm\u00f6jligheter utvecklas hela tiden, precis som inom humanmedicinen, och man blir s\u00e5ledes aldrig \u201df\u00e4rdig\u201d veterin\u00e4r. Trots att man efter h\u00f6gskoleexamen f\u00e5tt ett ges\u00e4llbrev f\u00f6r att praktisera, \u00e4r behovet av fortbildning och kompletterande utbildning st\u00e4ndigt, liksom f\u00f6r livet i \u00f6vrigt!<br \/>\n\u201dJag \u00e4r s\u00e4kert den enda personen i grannskapet, som gladdes \u00f6ver att posten i Suikkila avslutade sin verksamhet\u2026\u201d<br \/>\nP\u00e5 Untolagatan fungerade kliniken i hyrda lokaler och i samband med att Eva utr\u00e4ttade \u00e4renden p\u00e5 posten h\u00f6rde hon om beslutet att l\u00e4gga ner n\u00e4rposten. P\u00e5 plats och st\u00e4lle fick postfr\u00f6ken en fr\u00e5ga, som hon inte hade n\u00e5got svar p\u00e5: \u201dVem \u00e4ger dessa utrymmen?\u201d. \u00c4garen lokaliserades och det blev aff\u00e4r, och s\u00e5 inleddes arbetet med att renovera postutrymmen och bygga om dem f\u00f6r att passa en sm\u00e5djursmottagning. \u00c5ret var 1990 och Eva hade en specialiseringsh\u00f6st p\u00e5 g\u00e5ng inom det egna yrkeskunnandet och som m\u00e5ls\u00e4ttning l\u00e4rdomsgraden \u201dspecialveterin\u00e4r i sm\u00e5djurssjukdomar\u201d. Den ena av veterin\u00e4rerna som arbetat heltid p\u00e5 kliniken blev mammaledig vid samma tidpunkt och man var tvungen att anst\u00e4lla nya experter \u00e4ven inom v\u00e5rdpersonalen. I de nya verksamhetsutrymmena fanns m\u00e5nga fler ingrepps- och unders\u00f6kningsrum \u00e4n i de tidigare och en helt ny upps\u00e4ttning sjukhusm\u00f6bler, \u2013apparater och \u2013instrument installerades p\u00e5 en g\u00e5ng. Enligt ryktet letar Eva fortfarande upp r\u00f6ntgenapparaten och smeker t\u00e4ndningsl\u00e5set, d\u00e5 denna apparat kunde anskaffas f\u00f6rst efter att familjens terr\u00e4ngbil realiserats..<\/p>\n<p>Nu verkade man i ordentliga utrymmen och kunde erbjuda full service. Man kan erbjuda tj\u00e4nster p\u00e5 h\u00e4lso- och sjukv\u00e5rdens hela breda skala p\u00e5 den egna kliniken, och till och med egna laboratorietj\u00e4nster. Personalen deltar kontinuerligt i internationell veterin\u00e4rfortbildning och kliniken har idag flera specialkunskapsomr\u00e5den, bl.a. sm\u00e5djursdermatologi (hudsjukdomar), hj\u00e4rt-, tand- och \u00f6gonsjukdomar samt mer ovanliga ingrepp som t.ex. h\u00f6ft- och ledkirurgi och mag- och lungendoskopi.<br \/>\n\u00c5r 1997 tilldelades kliniken som f\u00f6rsta veterin\u00e4rf\u00f6retag i Finland \u00c5bo F\u00f6retagares F\u00d6RETAGSPRIS f\u00f6r servicebranschen f\u00f6r f\u00f6rtj\u00e4nstfull f\u00f6retagsverksamhet.<\/p>\n<h2>Till Vuorelagatan&#8230;<\/h2>\n<p>Kliniken flyttade till nya betydligt st\u00f6rre utrymmen p\u00e5 Vuorelagatan (Reso) vid omfartsv\u00e4gen v\u00e5ren 2008. Nu kan vi unders\u00f6ka och behandla akut sjuka djur b\u00e4ttre och effektivare f\u00f6r att n\u00e5 exakt diagnos. Samtidigt fick den v\u00e4xande personalen en b\u00e4ttre och mer inspirerande arbetsomgivning och kliniken kan utvecklas kontinuerligt.<\/p>\n<p>Vuorelagatans st\u00f6rre utrymmen, som bland annat hade tandbehandlingsbord, ett rum f\u00f6r fysioterapi med vattenbass\u00e4ng samt mera platser f\u00f6r innevarande patienter togs v\u00e4l emot av personal och patienter. Uppvakningutrymmen f\u00f6r opererade och behandlade patienter, samt v\u00e5rt hela tiden avancerande laboratorium medf\u00f6r snabbare utredning i kinkiga och akuta fall.<br \/>\nFlyttet till Vuorelagatan m\u00f6jliggjorde ocks\u00e5 den l\u00e4nge v\u00e4ntade digitala r\u00f6ntgenbildsframkallningen.<br \/>\nPersonalen fick nya socialutrymmen med vilorum f\u00f6r dejourveckoslut, bastu, k\u00f6k och matsal. Kliniken var med i \u00c5bo omnejds sm\u00e5djursdejour 1985-2011, varefter \u00c5bo stad sl\u00f6t kontrakt med en klinik som ej tidigare fungerat i \u00c5bo.<br \/>\nKlinikens vision har alltid varit att erbjuda djuren professionell samt empatisk service under deras olika livsskeden.<br \/>\nI de nya utrymmen lyckades detta b\u00e4ttre. F\u00f6r att f\u00f6rb\u00e4ttra servicen, b\u00f6rjade vi 1.5 2012 med akutmottagning p\u00e5 l\u00f6rdagar.<\/p>\n<h2>&#8230; och till v\u00e5rt nya hem i Skogsbacka p\u00e4 sommaren 2014&#8230;<\/h2>\n<p>P\u00e5 sommaren flyttade vi \u00e4ntligen in i v\u00e5r egna r\u00f6da stuga, uttryckligen planerad och byggd f\u00f6r Hund-Kattkliniken &#8211; h\u00e4r kommer vi att stanna!<\/p>\n<p>Personalen och utrymmerna har ut\u00f6kats. Vi kan s\u00e5ledes betj\u00e4na v\u00e4ra nuvarande och nya kunder allt b\u00e4ttre. P\u00e5 h\u00f6sten 2014 b\u00f6rjade vi dejourera under veckosluten i samarbete med Univet.<\/p>\n<p><img loading=\"lazy\" decoding=\"async\" class=\"alignnone size-large wp-image-485\" src=\"https:\/\/koirakissaklinikka.fi\/wp-content\/uploads\/2016\/07\/Klinikka-edest-1024x683.jpg\" alt=\"Klinikka edest\" width=\"840\" height=\"560\" \/><\/p>\n<p>Jyri Koponen 1.10.1956-25.11.2010<br \/>\nI ljust minne bevarad, Hund-Kattklinikens personal.<\/p>\n","protected":false},"excerpt":{"rendered":"<p>Spiraltrappor st\u00e4ller till besv\u00e4r&#8230; Hund-Kattkliniken grundades av veterin\u00e4rerna Martti Haasto och Folke Perander \u00e5r 1972. Mottagningen [&hellip;]<\/p>\n","protected":false},"author":3,"featured_media":488,"parent":0,"menu_order":0,"comment_status":"closed","ping_status":"closed","template":"","meta":{"_acf_changed":false,"footnotes":""},"class_list":["post-536","page","type-page","status-publish","has-post-thumbnail","hentry"],"acf":[],"yoast_head":"<!-- This site is optimized with the Yoast SEO plugin v26.6 - https:\/\/yoast.com\/wordpress\/plugins\/seo\/ -->\n<title>Klinikens historia - Koirakissaklinikka El\u00e4inl\u00e4\u00e4k\u00e4riasema Turussa<\/title>\n<meta name=\"robots\" content=\"index, follow, max-snippet:-1, max-image-preview:large, max-video-preview:-1\" \/>\n<link rel=\"canonical\" href=\"https:\/\/koirakissaklinikka.fi\/sv\/klinikens-historia\" \/>\n<meta property=\"og:locale\" content=\"sv_SE\" \/>\n<meta property=\"og:type\" content=\"article\" \/>\n<meta property=\"og:title\" content=\"Klinikens historia - Koirakissaklinikka El\u00e4inl\u00e4\u00e4k\u00e4riasema Turussa\" \/>\n<meta property=\"og:description\" content=\"Spiraltrappor st\u00e4ller till besv\u00e4r&#8230; Hund-Kattkliniken grundades av veterin\u00e4rerna Martti Haasto och Folke Perander \u00e5r 1972. Mottagningen [&hellip;]\" \/>\n<meta property=\"og:url\" content=\"https:\/\/koirakissaklinikka.fi\/sv\/klinikens-historia\" \/>\n<meta property=\"og:site_name\" content=\"Koirakissaklinikka El\u00e4inl\u00e4\u00e4k\u00e4riasema Turussa\" \/>\n<meta property=\"article:modified_time\" content=\"2016-12-18T11:21:05+00:00\" \/>\n<meta property=\"og:image\" content=\"https:\/\/koirakissaklinikka.fi\/wp-content\/uploads\/2016\/07\/koira-kissaklinikka-logo.png\" \/>\n\t<meta property=\"og:image:width\" content=\"400\" \/>\n\t<meta property=\"og:image:height\" content=\"266\" \/>\n\t<meta property=\"og:image:type\" content=\"image\/png\" \/>\n<meta name=\"twitter:card\" content=\"summary_large_image\" \/>\n<meta name=\"twitter:label1\" content=\"Ber\u00e4knad l\u00e4stid\" \/>\n\t<meta name=\"twitter:data1\" content=\"7 minutes\" \/>\n<script type=\"application\/ld+json\" class=\"yoast-schema-graph\">{\"@context\":\"https:\/\/schema.org\",\"@graph\":[{\"@type\":\"WebPage\",\"@id\":\"https:\/\/koirakissaklinikka.fi\/sv\/klinikens-historia\",\"url\":\"https:\/\/koirakissaklinikka.fi\/sv\/klinikens-historia\",\"name\":\"Klinikens historia - Koirakissaklinikka El\u00e4inl\u00e4\u00e4k\u00e4riasema Turussa\",\"isPartOf\":{\"@id\":\"https:\/\/koirakissaklinikka.fi\/#website\"},\"primaryImageOfPage\":{\"@id\":\"https:\/\/koirakissaklinikka.fi\/sv\/klinikens-historia#primaryimage\"},\"image\":{\"@id\":\"https:\/\/koirakissaklinikka.fi\/sv\/klinikens-historia#primaryimage\"},\"thumbnailUrl\":\"https:\/\/koirakissaklinikka.fi\/wp-content\/uploads\/2016\/07\/koira-kissaklinikka-logo.png\",\"datePublished\":\"2016-07-14T12:58:37+00:00\",\"dateModified\":\"2016-12-18T11:21:05+00:00\",\"breadcrumb\":{\"@id\":\"https:\/\/koirakissaklinikka.fi\/sv\/klinikens-historia#breadcrumb\"},\"inLanguage\":\"sv-SE\",\"potentialAction\":[{\"@type\":\"ReadAction\",\"target\":[\"https:\/\/koirakissaklinikka.fi\/sv\/klinikens-historia\"]}]},{\"@type\":\"ImageObject\",\"inLanguage\":\"sv-SE\",\"@id\":\"https:\/\/koirakissaklinikka.fi\/sv\/klinikens-historia#primaryimage\",\"url\":\"https:\/\/koirakissaklinikka.fi\/wp-content\/uploads\/2016\/07\/koira-kissaklinikka-logo.png\",\"contentUrl\":\"https:\/\/koirakissaklinikka.fi\/wp-content\/uploads\/2016\/07\/koira-kissaklinikka-logo.png\",\"width\":400,\"height\":266},{\"@type\":\"BreadcrumbList\",\"@id\":\"https:\/\/koirakissaklinikka.fi\/sv\/klinikens-historia#breadcrumb\",\"itemListElement\":[{\"@type\":\"ListItem\",\"position\":1,\"name\":\"Etusivu\",\"item\":\"https:\/\/koirakissaklinikka.fi\/sv\"},{\"@type\":\"ListItem\",\"position\":2,\"name\":\"Klinikens historia\"}]},{\"@type\":\"WebSite\",\"@id\":\"https:\/\/koirakissaklinikka.fi\/#website\",\"url\":\"https:\/\/koirakissaklinikka.fi\/\",\"name\":\"Koirakissaklinikka\",\"description\":\"Ihan uusi WordPress-sivusto\",\"publisher\":{\"@id\":\"https:\/\/koirakissaklinikka.fi\/#organization\"},\"potentialAction\":[{\"@type\":\"SearchAction\",\"target\":{\"@type\":\"EntryPoint\",\"urlTemplate\":\"https:\/\/koirakissaklinikka.fi\/?s={search_term_string}\"},\"query-input\":{\"@type\":\"PropertyValueSpecification\",\"valueRequired\":true,\"valueName\":\"search_term_string\"}}],\"inLanguage\":\"sv-SE\"},{\"@type\":\"Organization\",\"@id\":\"https:\/\/koirakissaklinikka.fi\/#organization\",\"name\":\"Koira-Kissaklinikka\",\"url\":\"https:\/\/koirakissaklinikka.fi\/\",\"logo\":{\"@type\":\"ImageObject\",\"inLanguage\":\"sv-SE\",\"@id\":\"https:\/\/koirakissaklinikka.fi\/#\/schema\/logo\/image\/\",\"url\":\"https:\/\/koirakissaklinikka.fi\/wp-content\/uploads\/2023\/09\/KKKlogo.jpg\",\"contentUrl\":\"https:\/\/koirakissaklinikka.fi\/wp-content\/uploads\/2023\/09\/KKKlogo.jpg\",\"width\":389,\"height\":287,\"caption\":\"Koira-Kissaklinikka\"},\"image\":{\"@id\":\"https:\/\/koirakissaklinikka.fi\/#\/schema\/logo\/image\/\"}}]}<\/script>\n<!-- \/ Yoast SEO plugin. -->","yoast_head_json":{"title":"Klinikens historia - Koirakissaklinikka El\u00e4inl\u00e4\u00e4k\u00e4riasema Turussa","robots":{"index":"index","follow":"follow","max-snippet":"max-snippet:-1","max-image-preview":"max-image-preview:large","max-video-preview":"max-video-preview:-1"},"canonical":"https:\/\/koirakissaklinikka.fi\/sv\/klinikens-historia","og_locale":"sv_SE","og_type":"article","og_title":"Klinikens historia - Koirakissaklinikka El\u00e4inl\u00e4\u00e4k\u00e4riasema Turussa","og_description":"Spiraltrappor st\u00e4ller till besv\u00e4r&#8230; Hund-Kattkliniken grundades av veterin\u00e4rerna Martti Haasto och Folke Perander \u00e5r 1972. Mottagningen [&hellip;]","og_url":"https:\/\/koirakissaklinikka.fi\/sv\/klinikens-historia","og_site_name":"Koirakissaklinikka El\u00e4inl\u00e4\u00e4k\u00e4riasema Turussa","article_modified_time":"2016-12-18T11:21:05+00:00","og_image":[{"width":400,"height":266,"url":"https:\/\/koirakissaklinikka.fi\/wp-content\/uploads\/2016\/07\/koira-kissaklinikka-logo.png","type":"image\/png"}],"twitter_card":"summary_large_image","twitter_misc":{"Ber\u00e4knad l\u00e4stid":"7 minutes"},"schema":{"@context":"https:\/\/schema.org","@graph":[{"@type":"WebPage","@id":"https:\/\/koirakissaklinikka.fi\/sv\/klinikens-historia","url":"https:\/\/koirakissaklinikka.fi\/sv\/klinikens-historia","name":"Klinikens historia - Koirakissaklinikka El\u00e4inl\u00e4\u00e4k\u00e4riasema Turussa","isPartOf":{"@id":"https:\/\/koirakissaklinikka.fi\/#website"},"primaryImageOfPage":{"@id":"https:\/\/koirakissaklinikka.fi\/sv\/klinikens-historia#primaryimage"},"image":{"@id":"https:\/\/koirakissaklinikka.fi\/sv\/klinikens-historia#primaryimage"},"thumbnailUrl":"https:\/\/koirakissaklinikka.fi\/wp-content\/uploads\/2016\/07\/koira-kissaklinikka-logo.png","datePublished":"2016-07-14T12:58:37+00:00","dateModified":"2016-12-18T11:21:05+00:00","breadcrumb":{"@id":"https:\/\/koirakissaklinikka.fi\/sv\/klinikens-historia#breadcrumb"},"inLanguage":"sv-SE","potentialAction":[{"@type":"ReadAction","target":["https:\/\/koirakissaklinikka.fi\/sv\/klinikens-historia"]}]},{"@type":"ImageObject","inLanguage":"sv-SE","@id":"https:\/\/koirakissaklinikka.fi\/sv\/klinikens-historia#primaryimage","url":"https:\/\/koirakissaklinikka.fi\/wp-content\/uploads\/2016\/07\/koira-kissaklinikka-logo.png","contentUrl":"https:\/\/koirakissaklinikka.fi\/wp-content\/uploads\/2016\/07\/koira-kissaklinikka-logo.png","width":400,"height":266},{"@type":"BreadcrumbList","@id":"https:\/\/koirakissaklinikka.fi\/sv\/klinikens-historia#breadcrumb","itemListElement":[{"@type":"ListItem","position":1,"name":"Etusivu","item":"https:\/\/koirakissaklinikka.fi\/sv"},{"@type":"ListItem","position":2,"name":"Klinikens historia"}]},{"@type":"WebSite","@id":"https:\/\/koirakissaklinikka.fi\/#website","url":"https:\/\/koirakissaklinikka.fi\/","name":"Koirakissaklinikka","description":"Ihan uusi WordPress-sivusto","publisher":{"@id":"https:\/\/koirakissaklinikka.fi\/#organization"},"potentialAction":[{"@type":"SearchAction","target":{"@type":"EntryPoint","urlTemplate":"https:\/\/koirakissaklinikka.fi\/?s={search_term_string}"},"query-input":{"@type":"PropertyValueSpecification","valueRequired":true,"valueName":"search_term_string"}}],"inLanguage":"sv-SE"},{"@type":"Organization","@id":"https:\/\/koirakissaklinikka.fi\/#organization","name":"Koira-Kissaklinikka","url":"https:\/\/koirakissaklinikka.fi\/","logo":{"@type":"ImageObject","inLanguage":"sv-SE","@id":"https:\/\/koirakissaklinikka.fi\/#\/schema\/logo\/image\/","url":"https:\/\/koirakissaklinikka.fi\/wp-content\/uploads\/2023\/09\/KKKlogo.jpg","contentUrl":"https:\/\/koirakissaklinikka.fi\/wp-content\/uploads\/2023\/09\/KKKlogo.jpg","width":389,"height":287,"caption":"Koira-Kissaklinikka"},"image":{"@id":"https:\/\/koirakissaklinikka.fi\/#\/schema\/logo\/image\/"}}]}},"_links":{"self":[{"href":"https:\/\/koirakissaklinikka.fi\/sv\/wp-json\/wp\/v2\/pages\/536","targetHints":{"allow":["GET"]}}],"collection":[{"href":"https:\/\/koirakissaklinikka.fi\/sv\/wp-json\/wp\/v2\/pages"}],"about":[{"href":"https:\/\/koirakissaklinikka.fi\/sv\/wp-json\/wp\/v2\/types\/page"}],"author":[{"embeddable":true,"href":"https:\/\/koirakissaklinikka.fi\/sv\/wp-json\/wp\/v2\/users\/3"}],"replies":[{"embeddable":true,"href":"https:\/\/koirakissaklinikka.fi\/sv\/wp-json\/wp\/v2\/comments?post=536"}],"version-history":[{"count":3,"href":"https:\/\/koirakissaklinikka.fi\/sv\/wp-json\/wp\/v2\/pages\/536\/revisions"}],"predecessor-version":[{"id":1582,"href":"https:\/\/koirakissaklinikka.fi\/sv\/wp-json\/wp\/v2\/pages\/536\/revisions\/1582"}],"wp:featuredmedia":[{"embeddable":true,"href":"https:\/\/koirakissaklinikka.fi\/sv\/wp-json\/wp\/v2\/media\/488"}],"wp:attachment":[{"href":"https:\/\/koirakissaklinikka.fi\/sv\/wp-json\/wp\/v2\/media?parent=536"}],"curies":[{"name":"wp","href":"https:\/\/api.w.org\/{rel}","templated":true}]}}