{"id":604,"date":"2016-07-15T10:58:42","date_gmt":"2016-07-15T07:58:42","guid":{"rendered":"https:\/\/koirakissaklinikka.fi\/?page_id=604&#038;lang=sv"},"modified":"2016-12-18T13:20:42","modified_gmt":"2016-12-18T11:20:42","slug":"hjalptjanster","status":"publish","type":"page","link":"https:\/\/koirakissaklinikka.fi\/sv\/hjalptjanster","title":{"rendered":"Hj\u00e4lptj\u00e4nster"},"content":{"rendered":"<p>Var och en av v\u00e5ra djurpatienter f\u00e5r genast vid det f\u00f6rsta bes\u00f6ket ett patientkort. V\u00e5rt ADB-baserade patientkartotek fungerar sedan som f\u00f6rvaringsplats f\u00f6r all information om ditt keldjurs h\u00e4lsov\u00e5rd och \u2013relaterade h\u00e4ndelser. Informationen om utf\u00f6rda unders\u00f6kningar och deras resultat, vilka behandlingar som genomf\u00f6rts, vaccinationer, officiella h\u00e4lsogranskningar och deras resultat etc. sparas alla och \u00e4r genast tillg\u00e4ngliga f\u00f6r ca. 33 000 djurpatienters del (hundar 20 000, katter 10 000 och exotiska patienter 3000).<\/p>\n<p><img loading=\"lazy\" decoding=\"async\" class=\"alignnone size-full wp-image-20\" src=\"https:\/\/koirakissaklinikka.fi\/wp-content\/uploads\/2016\/07\/puntarissa.jpg\" alt=\"puntarissa\" width=\"550\" height=\"350\" srcset=\"https:\/\/koirakissaklinikka.fi\/wp-content\/uploads\/2016\/07\/puntarissa.jpg 550w, https:\/\/koirakissaklinikka.fi\/wp-content\/uploads\/2016\/07\/puntarissa-510x325.jpg 510w, https:\/\/koirakissaklinikka.fi\/wp-content\/uploads\/2016\/07\/puntarissa-300x191.jpg 300w\" sizes=\"auto, (max-width: 550px) 100vw, 550px\" \/><\/p>\n<p>Vi uppr\u00e4tth\u00e5ller ett eget medicinf\u00f6rr\u00e5d p\u00e5 kliniken, som t\u00e4cker de vanligaste veterin\u00e4rmedicinska l\u00e4kemedelspreparaten och den vanligaste veterin\u00e4rmedicinska utrustningen, och de vanligaste medicinska preparaten och den vanligaste medicinska utrustningen f\u00f6r st\u00f6dbehandling. Efter olika slags behandlings\u00e5tg\u00e4rder eller kirurgiska operationer f\u00e5r du i huvudsak de l\u00e4kemedelspreparat, f\u00f6rband etc. du beh\u00f6ver med dig fr\u00e5n kliniken.\u00a0(Myyntituotteet &amp; tarjoukset)<\/p>\n<p>Till v\u00e5ra tj\u00e4nster h\u00f6r uppg\u00f6rande av ett individuellt \u201dviktv\u00e4ktarprogram\u201d f\u00f6r hund- och kattpatienter om ditt keldjur lagt p\u00e5 sig extrakilon av n\u00e5gon orsak. Tj\u00e4nsten \u00e4r avgiftsfri och innefattar noggranna kostanvisningar som ges av sk\u00f6tarna och kontrollv\u00e4gningar p\u00e5 kliniken med j\u00e4mna mellanrum. Bokf\u00f6ring \u00f6ver processen sk\u00f6ts p\u00e5 kliniken. P\u00e5 kliniken \u00e4r det m\u00f6jligt att k\u00f6pa specialfoder avsett f\u00f6r viktminskning.<\/p>\n<p>Sk\u00f6tarna klipper klorna p\u00e5 hundar, katter och exotiska patienter utan tidsbokning, dock end\u00e5 enligt avtal. Av patienterna f\u00f6rv\u00e4ntas ocks\u00e5 medg\u00f6rlighet, d\u00e5 denna behandling g\u00f6rs utan sedering. Vi utf\u00f6r \u00e4ven f\u00f6rkortning av kaniners och gnagares framt\u00e4nder. F\u00f6r kloklippning och f\u00f6rkortning av t\u00e4nder debiteras en avgift. Om det finns en misstanke om att kaninens eller gnagarens problem med \u00e4tning beror p\u00e5 tandpiggar i h\u00f6rnt\u00e4nderna, bokar vi automatiskt en tid till v\u00e5r veterin\u00e4r.<\/p>\n<p>Veterin\u00e4rmedicin, liksom \u00e4ven humanmedicin, utvecklas och framsteg g\u00f6rs hela tiden. Kontinuerlig kompletterande utbildning och fortbildning \u00e4r en n\u00f6dv\u00e4ndighet inom v\u00e5r bransch \u2013 och det g\u00e4ller hela v\u00e5r personal. Facklitteratur inom branschen och inhemsk och utl\u00e4ndsk fackpress finns hela tiden till v\u00e5rt f\u00f6rfogande p\u00e5 kliniken.<\/p>\n<p>&nbsp;<\/p>\n","protected":false},"excerpt":{"rendered":"<p>Var och en av v\u00e5ra djurpatienter f\u00e5r genast vid det f\u00f6rsta bes\u00f6ket ett patientkort. V\u00e5rt ADB-baserade [&hellip;]<\/p>\n","protected":false},"author":3,"featured_media":20,"parent":0,"menu_order":0,"comment_status":"closed","ping_status":"closed","template":"","meta":{"_acf_changed":false,"footnotes":""},"class_list":["post-604","page","type-page","status-publish","has-post-thumbnail","hentry"],"acf":[],"yoast_head":"<!-- This site is optimized with the Yoast SEO plugin v26.6 - https:\/\/yoast.com\/wordpress\/plugins\/seo\/ -->\n<title>Hj\u00e4lptj\u00e4nster - Koirakissaklinikka El\u00e4inl\u00e4\u00e4k\u00e4riasema Turussa<\/title>\n<meta name=\"robots\" content=\"index, follow, max-snippet:-1, max-image-preview:large, max-video-preview:-1\" \/>\n<link rel=\"canonical\" href=\"https:\/\/koirakissaklinikka.fi\/sv\/hjalptjanster\" \/>\n<meta property=\"og:locale\" content=\"sv_SE\" \/>\n<meta property=\"og:type\" content=\"article\" \/>\n<meta property=\"og:title\" content=\"Hj\u00e4lptj\u00e4nster - Koirakissaklinikka El\u00e4inl\u00e4\u00e4k\u00e4riasema Turussa\" \/>\n<meta property=\"og:description\" content=\"Var och en av v\u00e5ra djurpatienter f\u00e5r genast vid det f\u00f6rsta bes\u00f6ket ett patientkort. V\u00e5rt ADB-baserade [&hellip;]\" \/>\n<meta property=\"og:url\" content=\"https:\/\/koirakissaklinikka.fi\/sv\/hjalptjanster\" \/>\n<meta property=\"og:site_name\" content=\"Koirakissaklinikka El\u00e4inl\u00e4\u00e4k\u00e4riasema Turussa\" \/>\n<meta property=\"article:modified_time\" content=\"2016-12-18T11:20:42+00:00\" \/>\n<meta property=\"og:image\" content=\"https:\/\/koirakissaklinikka.fi\/wp-content\/uploads\/2016\/07\/puntarissa.jpg\" \/>\n\t<meta property=\"og:image:width\" content=\"550\" \/>\n\t<meta property=\"og:image:height\" content=\"350\" \/>\n\t<meta property=\"og:image:type\" content=\"image\/jpeg\" \/>\n<meta name=\"twitter:card\" content=\"summary_large_image\" \/>\n<meta name=\"twitter:label1\" content=\"Ber\u00e4knad l\u00e4stid\" \/>\n\t<meta name=\"twitter:data1\" content=\"2 minutes\" \/>\n<script type=\"application\/ld+json\" class=\"yoast-schema-graph\">{\"@context\":\"https:\/\/schema.org\",\"@graph\":[{\"@type\":\"WebPage\",\"@id\":\"https:\/\/koirakissaklinikka.fi\/sv\/hjalptjanster\",\"url\":\"https:\/\/koirakissaklinikka.fi\/sv\/hjalptjanster\",\"name\":\"Hj\u00e4lptj\u00e4nster - Koirakissaklinikka El\u00e4inl\u00e4\u00e4k\u00e4riasema Turussa\",\"isPartOf\":{\"@id\":\"https:\/\/koirakissaklinikka.fi\/#website\"},\"primaryImageOfPage\":{\"@id\":\"https:\/\/koirakissaklinikka.fi\/sv\/hjalptjanster#primaryimage\"},\"image\":{\"@id\":\"https:\/\/koirakissaklinikka.fi\/sv\/hjalptjanster#primaryimage\"},\"thumbnailUrl\":\"https:\/\/koirakissaklinikka.fi\/wp-content\/uploads\/2016\/07\/puntarissa.jpg\",\"datePublished\":\"2016-07-15T07:58:42+00:00\",\"dateModified\":\"2016-12-18T11:20:42+00:00\",\"breadcrumb\":{\"@id\":\"https:\/\/koirakissaklinikka.fi\/sv\/hjalptjanster#breadcrumb\"},\"inLanguage\":\"sv-SE\",\"potentialAction\":[{\"@type\":\"ReadAction\",\"target\":[\"https:\/\/koirakissaklinikka.fi\/sv\/hjalptjanster\"]}]},{\"@type\":\"ImageObject\",\"inLanguage\":\"sv-SE\",\"@id\":\"https:\/\/koirakissaklinikka.fi\/sv\/hjalptjanster#primaryimage\",\"url\":\"https:\/\/koirakissaklinikka.fi\/wp-content\/uploads\/2016\/07\/puntarissa.jpg\",\"contentUrl\":\"https:\/\/koirakissaklinikka.fi\/wp-content\/uploads\/2016\/07\/puntarissa.jpg\",\"width\":550,\"height\":350},{\"@type\":\"BreadcrumbList\",\"@id\":\"https:\/\/koirakissaklinikka.fi\/sv\/hjalptjanster#breadcrumb\",\"itemListElement\":[{\"@type\":\"ListItem\",\"position\":1,\"name\":\"Etusivu\",\"item\":\"https:\/\/koirakissaklinikka.fi\/sv\"},{\"@type\":\"ListItem\",\"position\":2,\"name\":\"Hj\u00e4lptj\u00e4nster\"}]},{\"@type\":\"WebSite\",\"@id\":\"https:\/\/koirakissaklinikka.fi\/#website\",\"url\":\"https:\/\/koirakissaklinikka.fi\/\",\"name\":\"Koirakissaklinikka\",\"description\":\"Ihan uusi WordPress-sivusto\",\"publisher\":{\"@id\":\"https:\/\/koirakissaklinikka.fi\/#organization\"},\"potentialAction\":[{\"@type\":\"SearchAction\",\"target\":{\"@type\":\"EntryPoint\",\"urlTemplate\":\"https:\/\/koirakissaklinikka.fi\/?s={search_term_string}\"},\"query-input\":{\"@type\":\"PropertyValueSpecification\",\"valueRequired\":true,\"valueName\":\"search_term_string\"}}],\"inLanguage\":\"sv-SE\"},{\"@type\":\"Organization\",\"@id\":\"https:\/\/koirakissaklinikka.fi\/#organization\",\"name\":\"Koira-Kissaklinikka\",\"url\":\"https:\/\/koirakissaklinikka.fi\/\",\"logo\":{\"@type\":\"ImageObject\",\"inLanguage\":\"sv-SE\",\"@id\":\"https:\/\/koirakissaklinikka.fi\/#\/schema\/logo\/image\/\",\"url\":\"https:\/\/koirakissaklinikka.fi\/wp-content\/uploads\/2023\/09\/KKKlogo.jpg\",\"contentUrl\":\"https:\/\/koirakissaklinikka.fi\/wp-content\/uploads\/2023\/09\/KKKlogo.jpg\",\"width\":389,\"height\":287,\"caption\":\"Koira-Kissaklinikka\"},\"image\":{\"@id\":\"https:\/\/koirakissaklinikka.fi\/#\/schema\/logo\/image\/\"}}]}<\/script>\n<!-- \/ Yoast SEO plugin. -->","yoast_head_json":{"title":"Hj\u00e4lptj\u00e4nster - Koirakissaklinikka El\u00e4inl\u00e4\u00e4k\u00e4riasema Turussa","robots":{"index":"index","follow":"follow","max-snippet":"max-snippet:-1","max-image-preview":"max-image-preview:large","max-video-preview":"max-video-preview:-1"},"canonical":"https:\/\/koirakissaklinikka.fi\/sv\/hjalptjanster","og_locale":"sv_SE","og_type":"article","og_title":"Hj\u00e4lptj\u00e4nster - Koirakissaklinikka El\u00e4inl\u00e4\u00e4k\u00e4riasema Turussa","og_description":"Var och en av v\u00e5ra djurpatienter f\u00e5r genast vid det f\u00f6rsta bes\u00f6ket ett patientkort. V\u00e5rt ADB-baserade [&hellip;]","og_url":"https:\/\/koirakissaklinikka.fi\/sv\/hjalptjanster","og_site_name":"Koirakissaklinikka El\u00e4inl\u00e4\u00e4k\u00e4riasema Turussa","article_modified_time":"2016-12-18T11:20:42+00:00","og_image":[{"width":550,"height":350,"url":"https:\/\/koirakissaklinikka.fi\/wp-content\/uploads\/2016\/07\/puntarissa.jpg","type":"image\/jpeg"}],"twitter_card":"summary_large_image","twitter_misc":{"Ber\u00e4knad l\u00e4stid":"2 minutes"},"schema":{"@context":"https:\/\/schema.org","@graph":[{"@type":"WebPage","@id":"https:\/\/koirakissaklinikka.fi\/sv\/hjalptjanster","url":"https:\/\/koirakissaklinikka.fi\/sv\/hjalptjanster","name":"Hj\u00e4lptj\u00e4nster - Koirakissaklinikka El\u00e4inl\u00e4\u00e4k\u00e4riasema Turussa","isPartOf":{"@id":"https:\/\/koirakissaklinikka.fi\/#website"},"primaryImageOfPage":{"@id":"https:\/\/koirakissaklinikka.fi\/sv\/hjalptjanster#primaryimage"},"image":{"@id":"https:\/\/koirakissaklinikka.fi\/sv\/hjalptjanster#primaryimage"},"thumbnailUrl":"https:\/\/koirakissaklinikka.fi\/wp-content\/uploads\/2016\/07\/puntarissa.jpg","datePublished":"2016-07-15T07:58:42+00:00","dateModified":"2016-12-18T11:20:42+00:00","breadcrumb":{"@id":"https:\/\/koirakissaklinikka.fi\/sv\/hjalptjanster#breadcrumb"},"inLanguage":"sv-SE","potentialAction":[{"@type":"ReadAction","target":["https:\/\/koirakissaklinikka.fi\/sv\/hjalptjanster"]}]},{"@type":"ImageObject","inLanguage":"sv-SE","@id":"https:\/\/koirakissaklinikka.fi\/sv\/hjalptjanster#primaryimage","url":"https:\/\/koirakissaklinikka.fi\/wp-content\/uploads\/2016\/07\/puntarissa.jpg","contentUrl":"https:\/\/koirakissaklinikka.fi\/wp-content\/uploads\/2016\/07\/puntarissa.jpg","width":550,"height":350},{"@type":"BreadcrumbList","@id":"https:\/\/koirakissaklinikka.fi\/sv\/hjalptjanster#breadcrumb","itemListElement":[{"@type":"ListItem","position":1,"name":"Etusivu","item":"https:\/\/koirakissaklinikka.fi\/sv"},{"@type":"ListItem","position":2,"name":"Hj\u00e4lptj\u00e4nster"}]},{"@type":"WebSite","@id":"https:\/\/koirakissaklinikka.fi\/#website","url":"https:\/\/koirakissaklinikka.fi\/","name":"Koirakissaklinikka","description":"Ihan uusi WordPress-sivusto","publisher":{"@id":"https:\/\/koirakissaklinikka.fi\/#organization"},"potentialAction":[{"@type":"SearchAction","target":{"@type":"EntryPoint","urlTemplate":"https:\/\/koirakissaklinikka.fi\/?s={search_term_string}"},"query-input":{"@type":"PropertyValueSpecification","valueRequired":true,"valueName":"search_term_string"}}],"inLanguage":"sv-SE"},{"@type":"Organization","@id":"https:\/\/koirakissaklinikka.fi\/#organization","name":"Koira-Kissaklinikka","url":"https:\/\/koirakissaklinikka.fi\/","logo":{"@type":"ImageObject","inLanguage":"sv-SE","@id":"https:\/\/koirakissaklinikka.fi\/#\/schema\/logo\/image\/","url":"https:\/\/koirakissaklinikka.fi\/wp-content\/uploads\/2023\/09\/KKKlogo.jpg","contentUrl":"https:\/\/koirakissaklinikka.fi\/wp-content\/uploads\/2023\/09\/KKKlogo.jpg","width":389,"height":287,"caption":"Koira-Kissaklinikka"},"image":{"@id":"https:\/\/koirakissaklinikka.fi\/#\/schema\/logo\/image\/"}}]}},"_links":{"self":[{"href":"https:\/\/koirakissaklinikka.fi\/sv\/wp-json\/wp\/v2\/pages\/604","targetHints":{"allow":["GET"]}}],"collection":[{"href":"https:\/\/koirakissaklinikka.fi\/sv\/wp-json\/wp\/v2\/pages"}],"about":[{"href":"https:\/\/koirakissaklinikka.fi\/sv\/wp-json\/wp\/v2\/types\/page"}],"author":[{"embeddable":true,"href":"https:\/\/koirakissaklinikka.fi\/sv\/wp-json\/wp\/v2\/users\/3"}],"replies":[{"embeddable":true,"href":"https:\/\/koirakissaklinikka.fi\/sv\/wp-json\/wp\/v2\/comments?post=604"}],"version-history":[{"count":1,"href":"https:\/\/koirakissaklinikka.fi\/sv\/wp-json\/wp\/v2\/pages\/604\/revisions"}],"predecessor-version":[{"id":605,"href":"https:\/\/koirakissaklinikka.fi\/sv\/wp-json\/wp\/v2\/pages\/604\/revisions\/605"}],"wp:featuredmedia":[{"embeddable":true,"href":"https:\/\/koirakissaklinikka.fi\/sv\/wp-json\/wp\/v2\/media\/20"}],"wp:attachment":[{"href":"https:\/\/koirakissaklinikka.fi\/sv\/wp-json\/wp\/v2\/media?parent=604"}],"curies":[{"name":"wp","href":"https:\/\/api.w.org\/{rel}","templated":true}]}}